{"id":956,"date":"2015-03-05T09:31:26","date_gmt":"2015-03-05T09:31:26","guid":{"rendered":"http:\/\/ledcentar.hr\/novisajt\/shop\/uncategorized\/zesilovac-ja-2\/"},"modified":"2015-03-05T09:31:26","modified_gmt":"2015-03-05T09:31:26","slug":"zesilovac-ja-2","status":"publish","type":"product","link":"https:\/\/ledcentar.hr\/novisajt\/cs\/shop\/led-rgb-kontroleri\/zesilovac-ja-2\/","title":{"rendered":"Zesilova\u010d JA-2"},"content":{"rendered":"<p class=\"MsoNormal\"><strong><span lang=\"CS\">Model: JA-2<\/span><\/strong><span lang=\"CS\"><br \/> &ndash; Pracovn&iacute; teplota:&nbsp;&nbsp;&nbsp;&nbsp; -25-60<\/span><span lang=\"CS\" style=\"font-family: 'Cambria Math','serif';\">\u2103<\/span><span lang=\"CS\"><br \/> &ndash; Vstupn&iacute; nap\u011bt&iacute;:<\/span><span lang=\"CS\">&nbsp;&nbsp;&nbsp;&nbsp;<\/span><span lang=\"CS\"> DC12V, 24V(12V je pravideln&eacute;)<br \/> &ndash; V&yacute;stup:<\/span><span lang=\"CS\">&nbsp;&nbsp;&nbsp;&nbsp;&nbsp;&nbsp;&nbsp;<\/span><span lang=\"CS\"> 3 okruhy (3 kan&aacute;ly)<br \/> &ndash; Spojen&iacute;:&nbsp;&nbsp;&nbsp;&nbsp; Spole\u010dn&aacute; anoda \u010di spole\u010dn&aacute; katoda<\/span><span lang=\"CS\">\uff08<\/span><span lang=\"CS\">spole\u010dn&aacute; anoda je pravideln&aacute;<\/span><span lang=\"CS\">\uff09<\/span><span lang=\"CS\"><br \/> &ndash; Dimenze:&nbsp;&nbsp;&nbsp;&nbsp;&nbsp;&nbsp;&nbsp;&nbsp; L105&Chi;W65&Chi;H25 mm<br \/> &ndash; \u010cist&aacute; v&aacute;ha&nbsp;&nbsp;&nbsp;&nbsp;&nbsp;&nbsp;&nbsp;&nbsp; 190g<br \/> &ndash; Maxim&aacute;ln&iacute; v&yacute;stup:&nbsp;&nbsp;&nbsp; 4A na kan&aacute;l<br \/> &ndash; V&yacute;stupn&iacute; v&yacute;kon:&nbsp;&nbsp;&nbsp;&nbsp; 12V&lt;144W<\/span><\/p>\n","protected":false},"excerpt":{"rendered":"<p><span class=\"hps\"><span lang=\"CS\">JA-<\/span><\/span><span lang=\"CS\">2 <span class=\"hps\">je<\/span> <span class=\"hps\">zesilova\u010d<\/span> <span class=\"hps\">nejnov\u011bj&scaron;&iacute; inovativn&iacute;<\/span> <span class=\"hps\">technologie<\/span>. <span class=\"hps\">Po obdr\u017een&iacute;<\/span> <span class=\"hps\">PWM<\/span> <span class=\"hps\">sign&aacute;lu<\/span>, <span class=\"hps\">vhodn&yacute; je<\/span> <span class=\"hps\">pro v&scaron;echny typy<\/span> <span class=\"hps\">regulace nap\u011bt&iacute;<\/span> <span class=\"hps\">RGB<\/span> <span class=\"hps\">ovlada\u010de. Teoreticky<\/span>,<span class=\"hps\">kapacita<\/span> m\u016f\u017ee b&yacute;t zdvojn&aacute;sobena <span class=\"hps\">&nbsp;na<\/span> <span class=\"hps\">ka\u017ed&eacute;m dal&scaron;&iacute;m<\/span> <span class=\"hps\">RGB<\/span> <span class=\"hps\">zesilova\u010di<\/span> kter&yacute; <span class=\"hps\">je spojen<\/span> <span class=\"hps\">(<\/span>nap\u0159&iacute;klad: <span class=\"hps\">3<\/span> <span class=\"hps\">zesilova\u010de ztrojn&aacute;sob&iacute;&nbsp; kapacitu<\/span> <span class=\"hps\">zat&iacute;\u017een&iacute;,<\/span> <span class=\"hps\">4 zesilova\u010de<\/span> <span class=\"hps\">p\u0159in&aacute;&scaron;&iacute; \u010dty\u0159ikr&aacute;t <\/span>&nbsp;&nbsp;v\u011bt&scaron;&iacute;&nbsp; <span class=\"hps\">zat&iacute;\u017een&iacute;.)<\/span><\/span><\/p>\n","protected":false},"featured_media":605,"template":"","meta":[],"yoast_head":"<!-- This site is optimized with the Yoast SEO plugin v14.8.1 - https:\/\/yoast.com\/wordpress\/plugins\/seo\/ -->\n<title>Zesilova\u010d JA-2 &bull; LED Centar<\/title>\n<meta name=\"description\" content=\"Zesilova\u010d, Model: JA-2\" \/>\n<meta name=\"robots\" content=\"index, follow\" \/>\n<meta name=\"googlebot\" content=\"index, follow, max-snippet:-1, max-image-preview:large, max-video-preview:-1\" \/>\n<meta name=\"bingbot\" content=\"index, follow, max-snippet:-1, max-image-preview:large, max-video-preview:-1\" \/>\n<link rel=\"canonical\" href=\"https:\/\/ledcentar.hr\/novisajt\/shop\/led-rgb-ovladace\/zesilovac-ja-2\/\" \/>\n<meta property=\"og:locale\" content=\"hr_HR\" \/>\n<meta property=\"og:type\" content=\"article\" \/>\n<meta property=\"og:title\" content=\"Zesilova\u010d JA-2 &bull; LED Centar\" \/>\n<meta property=\"og:description\" content=\"Zesilova\u010d, Model: JA-2\" \/>\n<meta property=\"og:url\" content=\"https:\/\/ledcentar.hr\/novisajt\/cs\/shop\/led-rgb-ovladace\/zesilovac-ja-2\/\" \/>\n<meta property=\"og:site_name\" content=\"LED Centar\" \/>\n<meta property=\"og:image\" content=\"https:\/\/ledcentar.hr\/novisajt\/wp-content\/uploads\/2015\/03\/Poja\u010daloJA2.jpg\" \/>\n\t<meta property=\"og:image:width\" content=\"302\" \/>\n\t<meta property=\"og:image:height\" content=\"252\" \/>\n<script type=\"application\/ld+json\" class=\"yoast-schema-graph\">{\"@context\":\"https:\/\/schema.org\",\"@graph\":[{\"@type\":\"WebSite\",\"@id\":\"https:\/\/ledcentar.hr\/novisajt\/#website\",\"url\":\"https:\/\/ledcentar.hr\/novisajt\/\",\"name\":\"LED Centar\",\"description\":\"LED rasvjeta za reklamnu industriju\",\"potentialAction\":[{\"@type\":\"SearchAction\",\"target\":\"https:\/\/ledcentar.hr\/novisajt\/?s={search_term_string}\",\"query-input\":\"required name=search_term_string\"}],\"inLanguage\":\"hr\"},{\"@type\":\"ImageObject\",\"@id\":\"https:\/\/ledcentar.hr\/novisajt\/cs\/shop\/led-rgb-ovladace\/zesilovac-ja-2\/#primaryimage\",\"inLanguage\":\"hr\",\"url\":\"https:\/\/ledcentar.hr\/novisajt\/wp-content\/uploads\/2015\/03\/Poja\\u010daloJA2.jpg\",\"width\":302,\"height\":252},{\"@type\":\"WebPage\",\"@id\":\"https:\/\/ledcentar.hr\/novisajt\/cs\/shop\/led-rgb-ovladace\/zesilovac-ja-2\/#webpage\",\"url\":\"https:\/\/ledcentar.hr\/novisajt\/cs\/shop\/led-rgb-ovladace\/zesilovac-ja-2\/\",\"name\":\"Zesilova\\u010d JA-2 &bull; LED Centar\",\"isPartOf\":{\"@id\":\"https:\/\/ledcentar.hr\/novisajt\/#website\"},\"primaryImageOfPage\":{\"@id\":\"https:\/\/ledcentar.hr\/novisajt\/cs\/shop\/led-rgb-ovladace\/zesilovac-ja-2\/#primaryimage\"},\"datePublished\":\"2015-03-05T09:31:26+00:00\",\"dateModified\":\"2015-03-05T09:31:26+00:00\",\"description\":\"Zesilova\\u010d, Model: JA-2\",\"inLanguage\":\"hr\",\"potentialAction\":[{\"@type\":\"ReadAction\",\"target\":[\"https:\/\/ledcentar.hr\/novisajt\/cs\/shop\/led-rgb-ovladace\/zesilovac-ja-2\/\"]}]}]}<\/script>\n<!-- \/ Yoast SEO plugin. -->","_links":{"self":[{"href":"https:\/\/ledcentar.hr\/novisajt\/wp-json\/wp\/v2\/product\/956"}],"collection":[{"href":"https:\/\/ledcentar.hr\/novisajt\/wp-json\/wp\/v2\/product"}],"about":[{"href":"https:\/\/ledcentar.hr\/novisajt\/wp-json\/wp\/v2\/types\/product"}],"wp:featuredmedia":[{"embeddable":true,"href":"https:\/\/ledcentar.hr\/novisajt\/wp-json\/wp\/v2\/media\/605"}],"wp:attachment":[{"href":"https:\/\/ledcentar.hr\/novisajt\/wp-json\/wp\/v2\/media?parent=956"}],"curies":[{"name":"wp","href":"https:\/\/api.w.org\/{rel}","templated":true}]}}