{"id":951,"date":"2015-03-05T09:37:28","date_gmt":"2015-03-05T09:37:28","guid":{"rendered":"http:\/\/ledcentar.hr\/novisajt\/shop\/uncategorized\/ir44-ovladac\/"},"modified":"2016-01-05T11:43:26","modified_gmt":"2016-01-05T11:43:26","slug":"ir44-ovladac","status":"publish","type":"product","link":"https:\/\/ledcentar.hr\/novisajt\/cs\/shop\/led-rgb-kontroleri\/ir44-ovladac\/","title":{"rendered":"IR6A (44 tla\u010d\u00edtka)"},"content":{"rendered":"<p><strong><span lang=\"CS\">Model:\u00a0IR-S-44<\/span><\/strong><span lang=\"CS\"><br \/> \u2013 Pracovn\u00ed teplota:\u00a0\u00a0\u00a0\u00a0\u00a0-25-60<\/span><span lang=\"CS\" style=\"font-family: 'Cambria Math','serif';\">\u2103<\/span><span lang=\"CS\"><br \/> \u2013 Vstupn\u00ed nap\u011bt\u00ed:\u00a0\u00a0\u00a0\u00a0\u00a0DC12V, 24V(12V je pravideln\u00e9)<br \/> \u2013 Barevn\u00e9 sch\u00e9ma:\u00a0\u00a0\u00a0\u00a0\u00a0RGB<\/span><span lang=\"CS\" style=\"font-family: 'MS Mincho'; mso-fareast-font-family: 'Times New Roman';\">\u3001<\/span><span lang=\"CS\">BRG<\/span><span lang=\"CS\" style=\"font-family: 'MS Mincho'; mso-fareast-font-family: 'Times New Roman';\">\u3001<\/span><span lang=\"CS\">GRB<\/span><span lang=\"CS\" style=\"font-family: 'MS Mincho'; mso-fareast-font-family: 'Times New Roman';\">\u3001<\/span><span lang=\"CS\">BGR<\/span><span lang=\"CS\" style=\"font-family: 'MS Mincho'; mso-fareast-font-family: 'Times New Roman';\">\uff08<\/span><span lang=\"CS\">RGB je pravideln\u00e9)<br \/> \u2013 funkce:\u00a0\u00a0\u00a0\u00a0\u00a0\u00a0\u00a034 druh\u016f re\u017eim\u016f<br \/> \u2013 V\u00fdstup:\u00a0\u00a0\u00a0\u00a0\u00a0\u00a0\u00a0\u00a0\u00a0\u00a0\u00a0\u00a03 okruhy (3 kan\u00e1ly)<br \/> \u2013 Spojen\u00ed: Spole\u010dn\u00e1 anoda \u010di spole\u010dn\u00e1 katoda (spole\u010dn\u00e1 anoda je pravideln\u00e1)<br \/> \u2013 Dimenze:\u00a0\u00a0\u00a0\u00a0\u00a0\u00a0\u00a0\u00a0\u00a0L49.5\u03a7W34.5\u03a7H22 mm<br \/> \u2013 \u010cist\u00e1 v\u00e1ha\u00a0\u00a0\u00a0\u00a0\u00a0\u00a0\u00a0\u00a0 70g<br \/> \u2013 Spot\u0159eba energie p\u0159i volnob\u011bhu:\u00a0\u00a0\u00a0\u00a0<1W<br \/> \u2013 Maxim\u00e1ln\u00ed v\u00fdstup:\u00a0\u00a0\u00a0\u00a02A na kan\u00e1l<br \/> \u2013 V\u00fdstupn\u00ed v\u00fdkon:\u00a0\u00a0\u00a0\u00a0\u00a012V<72W<\/span><\/p>\n","protected":false},"excerpt":{"rendered":"<p><span class=\"hps\"><span lang=\"CS\" style=\"font-size: 11.0pt; line-height: 115%; font-family: 'Calibri','sans-serif'; mso-ascii-theme-font: minor-latin; mso-fareast-font-family: Calibri; mso-fareast-theme-font: minor-latin; mso-hansi-theme-font: minor-latin; mso-bidi-font-family: 'Times New Roman'; mso-bidi-theme-font: minor-bidi; mso-ansi-language: CS; mso-fareast-language: CS; mso-bidi-language: CS;\">Model<\/span><\/span><span lang=\"CS\" style=\"font-size: 11.0pt; line-height: 115%; font-family: 'Calibri','sans-serif'; mso-ascii-theme-font: minor-latin; mso-fareast-font-family: Calibri; mso-fareast-theme-font: minor-latin; mso-hansi-theme-font: minor-latin; mso-bidi-font-family: 'Times New Roman'; mso-bidi-theme-font: minor-bidi; mso-ansi-language: CS; mso-fareast-language: CS; mso-bidi-language: CS;\"> <span class=\"hps\">IR44<\/span> <span class=\"hps\">je<\/span> <span class=\"hps\">zjednodu\u0161en<\/span> <span class=\"hps\">\u00a0infra\u010derven\u00fd(IC<\/span>) <span class=\"hps\">ovlada\u010d<\/span> <span class=\"hps\">s<\/span> d\u00e1lkov\u00fdm ovl\u00e1d\u00e1n\u00edm s 44 tla\u010d\u00edtky<\/span><\/p>\n","protected":false},"featured_media":615,"template":"","meta":[],"yoast_head":"<!-- This site is optimized with the Yoast SEO plugin v14.8.1 - https:\/\/yoast.com\/wordpress\/plugins\/seo\/ -->\n<title>IR6A (44 tla\u010d\u00edtka) &bull; LED Centar<\/title>\n<meta name=\"description\" content=\"IR44 ovlada\u010d - Model: IR44\" \/>\n<meta name=\"robots\" content=\"index, follow\" \/>\n<meta name=\"googlebot\" content=\"index, follow, max-snippet:-1, max-image-preview:large, max-video-preview:-1\" \/>\n<meta name=\"bingbot\" content=\"index, follow, max-snippet:-1, max-image-preview:large, max-video-preview:-1\" \/>\n<link rel=\"canonical\" href=\"https:\/\/ledcentar.hr\/novisajt\/shop\/led-rgb-ovladace\/ir44-ovladac\/\" \/>\n<meta property=\"og:locale\" content=\"hr_HR\" \/>\n<meta property=\"og:type\" content=\"article\" \/>\n<meta property=\"og:title\" content=\"IR6A (44 tla\u010d\u00edtka) &bull; LED Centar\" \/>\n<meta property=\"og:description\" content=\"IR44 ovlada\u010d - Model: IR44\" \/>\n<meta property=\"og:url\" content=\"https:\/\/ledcentar.hr\/novisajt\/cs\/shop\/led-rgb-ovladace\/ir44-ovladac\/\" \/>\n<meta property=\"og:site_name\" content=\"LED Centar\" \/>\n<meta property=\"article:modified_time\" content=\"2016-01-05T11:43:26+00:00\" \/>\n<meta property=\"og:image\" content=\"https:\/\/ledcentar.hr\/novisajt\/wp-content\/uploads\/2015\/03\/IR44.jpg\" \/>\n\t<meta property=\"og:image:width\" content=\"325\" \/>\n\t<meta property=\"og:image:height\" content=\"338\" \/>\n<script type=\"application\/ld+json\" class=\"yoast-schema-graph\">{\"@context\":\"https:\/\/schema.org\",\"@graph\":[{\"@type\":\"WebSite\",\"@id\":\"https:\/\/ledcentar.hr\/novisajt\/#website\",\"url\":\"https:\/\/ledcentar.hr\/novisajt\/\",\"name\":\"LED Centar\",\"description\":\"LED rasvjeta za reklamnu industriju\",\"potentialAction\":[{\"@type\":\"SearchAction\",\"target\":\"https:\/\/ledcentar.hr\/novisajt\/?s={search_term_string}\",\"query-input\":\"required name=search_term_string\"}],\"inLanguage\":\"hr\"},{\"@type\":\"ImageObject\",\"@id\":\"https:\/\/ledcentar.hr\/novisajt\/cs\/shop\/led-rgb-ovladace\/ir44-ovladac\/#primaryimage\",\"inLanguage\":\"hr\",\"url\":\"https:\/\/ledcentar.hr\/novisajt\/wp-content\/uploads\/2015\/03\/IR44.jpg\",\"width\":325,\"height\":338},{\"@type\":\"WebPage\",\"@id\":\"https:\/\/ledcentar.hr\/novisajt\/cs\/shop\/led-rgb-ovladace\/ir44-ovladac\/#webpage\",\"url\":\"https:\/\/ledcentar.hr\/novisajt\/cs\/shop\/led-rgb-ovladace\/ir44-ovladac\/\",\"name\":\"IR6A (44 tla\\u010d\\u00edtka) &bull; LED Centar\",\"isPartOf\":{\"@id\":\"https:\/\/ledcentar.hr\/novisajt\/#website\"},\"primaryImageOfPage\":{\"@id\":\"https:\/\/ledcentar.hr\/novisajt\/cs\/shop\/led-rgb-ovladace\/ir44-ovladac\/#primaryimage\"},\"datePublished\":\"2015-03-05T09:37:28+00:00\",\"dateModified\":\"2016-01-05T11:43:26+00:00\",\"description\":\"IR44 ovlada\\u010d - Model: IR44\",\"inLanguage\":\"hr\",\"potentialAction\":[{\"@type\":\"ReadAction\",\"target\":[\"https:\/\/ledcentar.hr\/novisajt\/cs\/shop\/led-rgb-ovladace\/ir44-ovladac\/\"]}]}]}<\/script>\n<!-- \/ Yoast SEO plugin. -->","_links":{"self":[{"href":"https:\/\/ledcentar.hr\/novisajt\/wp-json\/wp\/v2\/product\/951"}],"collection":[{"href":"https:\/\/ledcentar.hr\/novisajt\/wp-json\/wp\/v2\/product"}],"about":[{"href":"https:\/\/ledcentar.hr\/novisajt\/wp-json\/wp\/v2\/types\/product"}],"wp:featuredmedia":[{"embeddable":true,"href":"https:\/\/ledcentar.hr\/novisajt\/wp-json\/wp\/v2\/media\/615"}],"wp:attachment":[{"href":"https:\/\/ledcentar.hr\/novisajt\/wp-json\/wp\/v2\/media?parent=951"}],"curies":[{"name":"wp","href":"https:\/\/api.w.org\/{rel}","templated":true}]}}