{"id":937,"date":"2015-03-05T10:13:01","date_gmt":"2015-03-05T10:13:01","guid":{"rendered":"http:\/\/ledcentar.hr\/novisajt\/shop\/uncategorized\/mont-fix-distancni-rozperky\/"},"modified":"2015-03-05T10:13:01","modified_gmt":"2015-03-05T10:13:01","slug":"mont-fix-distancni-rozperky","status":"publish","type":"product","link":"https:\/\/ledcentar.hr\/novisajt\/cs\/shop\/mont-fix-odstojnicidistanceri\/mont-fix-distancni-rozperky\/","title":{"rendered":"Mont-fix distan\u010dn\u00ed rozp\u011brky"},"content":{"rendered":"<table class=\"MsoNormalTable\" style=\"width: 240.75pt; mso-cellspacing: 1.5pt; mso-yfti-tbllook: 1184;\" border=\"0\" width=\"321\" cellpadding=\"0\">\n<tbody>\n<tr>\n<td style=\"width: 97.2pt; padding: .75pt .75pt .75pt .75pt;\" width=\"130\">\n<p class=\"MsoNormal\"><span lang=\"CS\">Druh<\/span><\/p>\n<\/td>\n<td style=\"width: 139.05pt; padding: .75pt .75pt .75pt .75pt;\" width=\"185\">\n<p class=\"MsoNormal\"><span lang=\"CS\">Rozm\u011br<\/span><\/p>\n<\/td>\n<\/tr>\n<tr>\n<td style=\"padding: .75pt .75pt .75pt .75pt;\">\n<p class=\"MsoNormal\"><span lang=\"CS\">Brou&scaron;en&yacute;<\/span><\/p>\n<\/td>\n<td style=\"padding: .75pt .75pt .75pt .75pt;\">\n<p class=\"MsoNormal\"><span lang=\"CS\">12 &times; 25 mm12 x 30 mm<\/span><\/p>\n<\/td>\n<\/tr>\n<tr>\n<td style=\"padding: .75pt .75pt .75pt .75pt;\">&nbsp;<\/td>\n<td style=\"padding: .75pt .75pt .75pt .75pt;\">&nbsp;<\/td>\n<\/tr>\n<tr>\n<td style=\"padding: .75pt .75pt .75pt .75pt;\">\n<p class=\"MsoNormal\"><span lang=\"CS\">Vysok&yacute; lesk<\/span><\/p>\n<\/td>\n<td style=\"padding: .75pt .75pt .75pt .75pt;\">\n<p class=\"MsoNormal\"><span lang=\"CS\">12 &times; 25 mm12 x 30 mm<\/span><\/p>\n<\/td>\n<\/tr>\n<tr>\n<td style=\"padding: .75pt .75pt .75pt .75pt;\">&nbsp;<\/td>\n<td style=\"padding: .75pt .75pt .75pt .75pt;\">&nbsp;<\/td>\n<\/tr>\n<tr>\n<td style=\"padding: .75pt .75pt .75pt .75pt;\">\n<p class=\"MsoNormal\"><span lang=\"CS\">Brou&scaron;en&yacute;<\/span><\/p>\n<\/td>\n<td style=\"padding: .75pt .75pt .75pt .75pt;\">\n<p class=\"MsoNormal\"><span lang=\"CS\">16 &times; 25 mm16 x 30 mm<\/span><\/p>\n<\/td>\n<\/tr>\n<tr>\n<td style=\"padding: .75pt .75pt .75pt .75pt;\">&nbsp;<\/td>\n<td style=\"padding: .75pt .75pt .75pt .75pt;\">&nbsp;<\/td>\n<\/tr>\n<tr>\n<td style=\"padding: .75pt .75pt .75pt .75pt;\">\n<p class=\"MsoNormal\"><span lang=\"CS\">vysok&yacute; lesk<\/span><\/p>\n<\/td>\n<td style=\"padding: .75pt .75pt .75pt .75pt;\">\n<p class=\"MsoNormal\"><span lang=\"CS\">16 &times; 25 mm16 x 30 mm<\/span><\/p>\n<\/td>\n<\/tr>\n<\/tbody>\n<\/table>\n","protected":false},"excerpt":{"rendered":"<p><span lang=\"CS\">Spole\u010dnost LED centrum d.o.o. je majitel zna\u010dky Mont-fix.&nbsp; V nab&iacute;dce m&aacute;me distan\u010dn&iacute; rozp\u011brky pro reklamn&iacute; pr\u016fmysl v r\u016fzn&yacute;ch velikostech a povrchov&yacute;ch &uacute;prav&aacute;ch.&nbsp; Cenov\u011b, Mont-fix distan\u010dn&iacute; rozp\u011brky&nbsp; jsou zdaleka nejv&yacute;hodn\u011bj&scaron;&iacute; na trhu.<\/span><\/p>\n","protected":false},"featured_media":665,"template":"","meta":[],"yoast_head":"<!-- This site is optimized with the Yoast SEO plugin v14.8.1 - https:\/\/yoast.com\/wordpress\/plugins\/seo\/ -->\n<title>Mont-fix distan\u010dn\u00ed rozp\u011brky &bull; LED Centar<\/title>\n<meta name=\"description\" content=\"Mont-fix distan\u010dn\u00ed rozp\u011brky\" \/>\n<meta name=\"robots\" content=\"index, follow\" \/>\n<meta name=\"googlebot\" content=\"index, follow, max-snippet:-1, max-image-preview:large, max-video-preview:-1\" \/>\n<meta name=\"bingbot\" content=\"index, follow, max-snippet:-1, max-image-preview:large, max-video-preview:-1\" \/>\n<link rel=\"canonical\" href=\"https:\/\/ledcentar.hr\/novisajt\/shop\/mont-fix-distancni-rozperka\/mont-fix-distancni-rozperky\/\" \/>\n<meta property=\"og:locale\" content=\"hr_HR\" \/>\n<meta property=\"og:type\" content=\"article\" \/>\n<meta property=\"og:title\" content=\"Mont-fix distan\u010dn\u00ed rozp\u011brky &bull; LED Centar\" \/>\n<meta property=\"og:description\" content=\"Mont-fix distan\u010dn\u00ed rozp\u011brky\" \/>\n<meta property=\"og:url\" content=\"https:\/\/ledcentar.hr\/novisajt\/cs\/shop\/mont-fix-distancni-rozperka\/mont-fix-distancni-rozperky\/\" \/>\n<meta property=\"og:site_name\" content=\"LED Centar\" \/>\n<meta property=\"og:image\" content=\"https:\/\/ledcentar.hr\/novisajt\/wp-content\/uploads\/2015\/03\/odstojnici.jpg\" \/>\n\t<meta property=\"og:image:width\" content=\"328\" \/>\n\t<meta property=\"og:image:height\" content=\"328\" \/>\n<script type=\"application\/ld+json\" class=\"yoast-schema-graph\">{\"@context\":\"https:\/\/schema.org\",\"@graph\":[{\"@type\":\"WebSite\",\"@id\":\"https:\/\/ledcentar.hr\/novisajt\/#website\",\"url\":\"https:\/\/ledcentar.hr\/novisajt\/\",\"name\":\"LED Centar\",\"description\":\"LED rasvjeta za reklamnu industriju\",\"potentialAction\":[{\"@type\":\"SearchAction\",\"target\":\"https:\/\/ledcentar.hr\/novisajt\/?s={search_term_string}\",\"query-input\":\"required name=search_term_string\"}],\"inLanguage\":\"hr\"},{\"@type\":\"ImageObject\",\"@id\":\"https:\/\/ledcentar.hr\/novisajt\/cs\/shop\/mont-fix-distancni-rozperka\/mont-fix-distancni-rozperky\/#primaryimage\",\"inLanguage\":\"hr\",\"url\":\"https:\/\/ledcentar.hr\/novisajt\/wp-content\/uploads\/2015\/03\/odstojnici.jpg\",\"width\":328,\"height\":328},{\"@type\":\"WebPage\",\"@id\":\"https:\/\/ledcentar.hr\/novisajt\/cs\/shop\/mont-fix-distancni-rozperka\/mont-fix-distancni-rozperky\/#webpage\",\"url\":\"https:\/\/ledcentar.hr\/novisajt\/cs\/shop\/mont-fix-distancni-rozperka\/mont-fix-distancni-rozperky\/\",\"name\":\"Mont-fix distan\\u010dn\\u00ed rozp\\u011brky &bull; LED Centar\",\"isPartOf\":{\"@id\":\"https:\/\/ledcentar.hr\/novisajt\/#website\"},\"primaryImageOfPage\":{\"@id\":\"https:\/\/ledcentar.hr\/novisajt\/cs\/shop\/mont-fix-distancni-rozperka\/mont-fix-distancni-rozperky\/#primaryimage\"},\"datePublished\":\"2015-03-05T10:13:01+00:00\",\"dateModified\":\"2015-03-05T10:13:01+00:00\",\"description\":\"Mont-fix distan\\u010dn\\u00ed rozp\\u011brky\",\"inLanguage\":\"hr\",\"potentialAction\":[{\"@type\":\"ReadAction\",\"target\":[\"https:\/\/ledcentar.hr\/novisajt\/cs\/shop\/mont-fix-distancni-rozperka\/mont-fix-distancni-rozperky\/\"]}]}]}<\/script>\n<!-- \/ Yoast SEO plugin. -->","_links":{"self":[{"href":"https:\/\/ledcentar.hr\/novisajt\/wp-json\/wp\/v2\/product\/937"}],"collection":[{"href":"https:\/\/ledcentar.hr\/novisajt\/wp-json\/wp\/v2\/product"}],"about":[{"href":"https:\/\/ledcentar.hr\/novisajt\/wp-json\/wp\/v2\/types\/product"}],"wp:featuredmedia":[{"embeddable":true,"href":"https:\/\/ledcentar.hr\/novisajt\/wp-json\/wp\/v2\/media\/665"}],"wp:attachment":[{"href":"https:\/\/ledcentar.hr\/novisajt\/wp-json\/wp\/v2\/media?parent=937"}],"curies":[{"name":"wp","href":"https:\/\/api.w.org\/{rel}","templated":true}]}}