{"id":898,"date":"2015-03-12T08:59:50","date_gmt":"2015-03-12T08:59:50","guid":{"rendered":"http:\/\/ledcentar.hr\/novisajt\/shop\/uncategorized\/mont-fix-rozperky-16x30mm-vysoky-lesk\/"},"modified":"2015-03-12T08:59:50","modified_gmt":"2015-03-12T08:59:50","slug":"mont-fix-rozperky-16x30mm-vysoky-lesk","status":"publish","type":"product","link":"https:\/\/ledcentar.hr\/novisajt\/cs\/shop\/mont-fix-odstojnicidistanceri\/mont-fix-rozperky-16x30mm-vysoky-lesk\/","title":{"rendered":"Mont- fix rozp\u011brky &#8211; 16x30mm, vysok\u00fd lesk"},"content":{"rendered":"","protected":false},"excerpt":{"rendered":"<p>Mont-fix distan\u010dn\u00ed rozp\u011brky, 16x30mm, vysok\u00fd lesk<\/p>\n","protected":false},"featured_media":795,"template":"","meta":[],"yoast_head":"<!-- This site is optimized with the Yoast SEO plugin v14.8.1 - https:\/\/yoast.com\/wordpress\/plugins\/seo\/ -->\n<title>Mont- fix rozp\u011brky - 16x30mm, vysok\u00fd lesk &bull; LED Centar<\/title>\n<meta name=\"description\" content=\"Mont-fix distan\u010dn\u00ed rozp\u011brky, 16x30mm, vysok\u00fd lesk\" \/>\n<meta name=\"robots\" content=\"index, follow\" \/>\n<meta name=\"googlebot\" content=\"index, follow, max-snippet:-1, max-image-preview:large, max-video-preview:-1\" \/>\n<meta name=\"bingbot\" content=\"index, follow, max-snippet:-1, max-image-preview:large, max-video-preview:-1\" \/>\n<link rel=\"canonical\" href=\"https:\/\/ledcentar.hr\/novisajt\/shop\/mont-fix-distancni-rozperka\/mont-fix-rozperky-16x30mm-vysoky-lesk\/\" \/>\n<meta property=\"og:locale\" content=\"hr_HR\" \/>\n<meta property=\"og:type\" content=\"article\" \/>\n<meta property=\"og:title\" content=\"Mont- fix rozp\u011brky - 16x30mm, vysok\u00fd lesk &bull; LED Centar\" \/>\n<meta property=\"og:description\" content=\"Mont-fix distan\u010dn\u00ed rozp\u011brky, 16x30mm, vysok\u00fd lesk\" \/>\n<meta property=\"og:url\" content=\"https:\/\/ledcentar.hr\/novisajt\/cs\/shop\/mont-fix-distancni-rozperka\/mont-fix-rozperky-16x30mm-vysoky-lesk\/\" \/>\n<meta property=\"og:site_name\" content=\"LED Centar\" \/>\n<meta property=\"og:image\" content=\"https:\/\/ledcentar.hr\/novisajt\/wp-content\/uploads\/2015\/03\/Mont-fix-16x30-visoki-sjaj.jpg\" \/>\n\t<meta property=\"og:image:width\" content=\"400\" \/>\n\t<meta property=\"og:image:height\" content=\"533\" \/>\n<script type=\"application\/ld+json\" class=\"yoast-schema-graph\">{\"@context\":\"https:\/\/schema.org\",\"@graph\":[{\"@type\":\"WebSite\",\"@id\":\"https:\/\/ledcentar.hr\/novisajt\/#website\",\"url\":\"https:\/\/ledcentar.hr\/novisajt\/\",\"name\":\"LED Centar\",\"description\":\"LED rasvjeta za reklamnu industriju\",\"potentialAction\":[{\"@type\":\"SearchAction\",\"target\":\"https:\/\/ledcentar.hr\/novisajt\/?s={search_term_string}\",\"query-input\":\"required name=search_term_string\"}],\"inLanguage\":\"hr\"},{\"@type\":\"ImageObject\",\"@id\":\"https:\/\/ledcentar.hr\/novisajt\/cs\/shop\/mont-fix-distancni-rozperka\/mont-fix-rozperky-16x30mm-vysoky-lesk\/#primaryimage\",\"inLanguage\":\"hr\",\"url\":\"https:\/\/ledcentar.hr\/novisajt\/wp-content\/uploads\/2015\/03\/Mont-fix-16x30-visoki-sjaj.jpg\",\"width\":400,\"height\":533},{\"@type\":\"WebPage\",\"@id\":\"https:\/\/ledcentar.hr\/novisajt\/cs\/shop\/mont-fix-distancni-rozperka\/mont-fix-rozperky-16x30mm-vysoky-lesk\/#webpage\",\"url\":\"https:\/\/ledcentar.hr\/novisajt\/cs\/shop\/mont-fix-distancni-rozperka\/mont-fix-rozperky-16x30mm-vysoky-lesk\/\",\"name\":\"Mont- fix rozp\\u011brky - 16x30mm, vysok\\u00fd lesk &bull; LED Centar\",\"isPartOf\":{\"@id\":\"https:\/\/ledcentar.hr\/novisajt\/#website\"},\"primaryImageOfPage\":{\"@id\":\"https:\/\/ledcentar.hr\/novisajt\/cs\/shop\/mont-fix-distancni-rozperka\/mont-fix-rozperky-16x30mm-vysoky-lesk\/#primaryimage\"},\"datePublished\":\"2015-03-12T08:59:50+00:00\",\"dateModified\":\"2015-03-12T08:59:50+00:00\",\"description\":\"Mont-fix distan\\u010dn\\u00ed rozp\\u011brky, 16x30mm, vysok\\u00fd lesk\",\"inLanguage\":\"hr\",\"potentialAction\":[{\"@type\":\"ReadAction\",\"target\":[\"https:\/\/ledcentar.hr\/novisajt\/cs\/shop\/mont-fix-distancni-rozperka\/mont-fix-rozperky-16x30mm-vysoky-lesk\/\"]}]}]}<\/script>\n<!-- \/ Yoast SEO plugin. -->","_links":{"self":[{"href":"https:\/\/ledcentar.hr\/novisajt\/wp-json\/wp\/v2\/product\/898"}],"collection":[{"href":"https:\/\/ledcentar.hr\/novisajt\/wp-json\/wp\/v2\/product"}],"about":[{"href":"https:\/\/ledcentar.hr\/novisajt\/wp-json\/wp\/v2\/types\/product"}],"wp:featuredmedia":[{"embeddable":true,"href":"https:\/\/ledcentar.hr\/novisajt\/wp-json\/wp\/v2\/media\/795"}],"wp:attachment":[{"href":"https:\/\/ledcentar.hr\/novisajt\/wp-json\/wp\/v2\/media?parent=898"}],"curies":[{"name":"wp","href":"https:\/\/api.w.org\/{rel}","templated":true}]}}