{"id":893,"date":"2015-03-12T09:03:12","date_gmt":"2015-03-12T09:03:12","guid":{"rendered":"http:\/\/ledcentar.hr\/novisajt\/shop\/uncategorized\/mont-fix-distancniki-16x30mm-bruseni-mat\/"},"modified":"2015-03-12T09:03:12","modified_gmt":"2015-03-12T09:03:12","slug":"mont-fix-distancniki-16x30mm-bruseni-mat","status":"publish","type":"product","link":"https:\/\/ledcentar.hr\/novisajt\/sl\/shop\/mont-fix-odstojnicidistanceri\/mont-fix-distancniki-16x30mm-bruseni-mat\/","title":{"rendered":"Mont-fix distan\u010dniki\u2013 16x30mm, bru\u0161eni (mat)"},"content":{"rendered":"","protected":false},"excerpt":{"rendered":"<p>Mont-fix distan\u010dniki, 16x30mm, bru\u0161eni (mat)<\/p>\n","protected":false},"featured_media":791,"template":"","meta":[],"yoast_head":"<!-- This site is optimized with the Yoast SEO plugin v14.8.1 - https:\/\/yoast.com\/wordpress\/plugins\/seo\/ -->\n<title>Mont-fix distan\u010dniki\u2013 16x30mm, bru\u0161eni (mat) &bull; LED Centar<\/title>\n<meta name=\"description\" content=\"\u2022 Mont-fix distan\u010dniki, 16x30mm, bru\u0161eni (mat)\" \/>\n<meta name=\"robots\" content=\"index, follow\" \/>\n<meta name=\"googlebot\" content=\"index, follow, max-snippet:-1, max-image-preview:large, max-video-preview:-1\" \/>\n<meta name=\"bingbot\" content=\"index, follow, max-snippet:-1, max-image-preview:large, max-video-preview:-1\" \/>\n<link rel=\"canonical\" href=\"https:\/\/ledcentar.hr\/novisajt\/shop\/mont-fix-distancniki\/mont-fix-distancniki-16x30mm-bruseni-mat\/\" \/>\n<meta property=\"og:locale\" content=\"hr_HR\" \/>\n<meta property=\"og:type\" content=\"article\" \/>\n<meta property=\"og:title\" content=\"Mont-fix distan\u010dniki\u2013 16x30mm, bru\u0161eni (mat) &bull; LED Centar\" \/>\n<meta property=\"og:description\" content=\"\u2022 Mont-fix distan\u010dniki, 16x30mm, bru\u0161eni (mat)\" \/>\n<meta property=\"og:url\" content=\"https:\/\/ledcentar.hr\/novisajt\/sl\/shop\/mont-fix-distancniki\/mont-fix-distancniki-16x30mm-bruseni-mat\/\" \/>\n<meta property=\"og:site_name\" content=\"LED Centar\" \/>\n<meta property=\"og:image\" content=\"https:\/\/ledcentar.hr\/novisajt\/wp-content\/uploads\/2015\/03\/Mont-fix-16x30-bru\u0161eni.jpg\" \/>\n\t<meta property=\"og:image:width\" content=\"400\" \/>\n\t<meta property=\"og:image:height\" content=\"533\" \/>\n<script type=\"application\/ld+json\" class=\"yoast-schema-graph\">{\"@context\":\"https:\/\/schema.org\",\"@graph\":[{\"@type\":\"WebSite\",\"@id\":\"https:\/\/ledcentar.hr\/novisajt\/#website\",\"url\":\"https:\/\/ledcentar.hr\/novisajt\/\",\"name\":\"LED Centar\",\"description\":\"LED rasvjeta za reklamnu industriju\",\"potentialAction\":[{\"@type\":\"SearchAction\",\"target\":\"https:\/\/ledcentar.hr\/novisajt\/?s={search_term_string}\",\"query-input\":\"required name=search_term_string\"}],\"inLanguage\":\"hr\"},{\"@type\":\"ImageObject\",\"@id\":\"https:\/\/ledcentar.hr\/novisajt\/sl\/shop\/mont-fix-distancniki\/mont-fix-distancniki-16x30mm-bruseni-mat\/#primaryimage\",\"inLanguage\":\"hr\",\"url\":\"https:\/\/ledcentar.hr\/novisajt\/wp-content\/uploads\/2015\/03\/Mont-fix-16x30-bru\\u0161eni.jpg\",\"width\":400,\"height\":533},{\"@type\":\"WebPage\",\"@id\":\"https:\/\/ledcentar.hr\/novisajt\/sl\/shop\/mont-fix-distancniki\/mont-fix-distancniki-16x30mm-bruseni-mat\/#webpage\",\"url\":\"https:\/\/ledcentar.hr\/novisajt\/sl\/shop\/mont-fix-distancniki\/mont-fix-distancniki-16x30mm-bruseni-mat\/\",\"name\":\"Mont-fix distan\\u010dniki\\u2013 16x30mm, bru\\u0161eni (mat) &bull; LED Centar\",\"isPartOf\":{\"@id\":\"https:\/\/ledcentar.hr\/novisajt\/#website\"},\"primaryImageOfPage\":{\"@id\":\"https:\/\/ledcentar.hr\/novisajt\/sl\/shop\/mont-fix-distancniki\/mont-fix-distancniki-16x30mm-bruseni-mat\/#primaryimage\"},\"datePublished\":\"2015-03-12T09:03:12+00:00\",\"dateModified\":\"2015-03-12T09:03:12+00:00\",\"description\":\"\\u2022 Mont-fix distan\\u010dniki, 16x30mm, bru\\u0161eni (mat)\",\"inLanguage\":\"hr\",\"potentialAction\":[{\"@type\":\"ReadAction\",\"target\":[\"https:\/\/ledcentar.hr\/novisajt\/sl\/shop\/mont-fix-distancniki\/mont-fix-distancniki-16x30mm-bruseni-mat\/\"]}]}]}<\/script>\n<!-- \/ Yoast SEO plugin. -->","_links":{"self":[{"href":"https:\/\/ledcentar.hr\/novisajt\/wp-json\/wp\/v2\/product\/893"}],"collection":[{"href":"https:\/\/ledcentar.hr\/novisajt\/wp-json\/wp\/v2\/product"}],"about":[{"href":"https:\/\/ledcentar.hr\/novisajt\/wp-json\/wp\/v2\/types\/product"}],"wp:featuredmedia":[{"embeddable":true,"href":"https:\/\/ledcentar.hr\/novisajt\/wp-json\/wp\/v2\/media\/791"}],"wp:attachment":[{"href":"https:\/\/ledcentar.hr\/novisajt\/wp-json\/wp\/v2\/media?parent=893"}],"curies":[{"name":"wp","href":"https:\/\/api.w.org\/{rel}","templated":true}]}}