{"id":879,"date":"2015-03-12T09:06:31","date_gmt":"2015-03-12T09:06:31","guid":{"rendered":"http:\/\/ledcentar.hr\/novisajt\/shop\/uncategorized\/mont-fix-rozperky-16x25mm-brouseny\/"},"modified":"2015-04-01T18:24:21","modified_gmt":"2015-04-01T18:24:21","slug":"mont-fix-rozperky-16x25mm-brouseny","status":"publish","type":"product","link":"https:\/\/ledcentar.hr\/novisajt\/cs\/shop\/mont-fix-odstojnicidistanceri\/mont-fix-rozperky-16x25mm-brouseny\/","title":{"rendered":"Mont- fix rozp\u011brky &#8211; 16x25mm, brou\u0161en\u00fd"},"content":{"rendered":"","protected":false},"excerpt":{"rendered":"<p><span lang=\"CS\">Mont-fix distan\u010dn&iacute; rozp\u011brky, 16x25mm, brou&scaron;en&yacute;<\/span><\/p>\n","protected":false},"featured_media":780,"template":"","meta":[],"yoast_head":"<!-- This site is optimized with the Yoast SEO plugin v14.8.1 - https:\/\/yoast.com\/wordpress\/plugins\/seo\/ -->\n<title>Mont- fix rozp\u011brky - 16x25mm, brou\u0161en\u00fd &bull; LED Centar<\/title>\n<meta name=\"description\" content=\"Mont-fix distan\u010dn\u00ed rozp\u011brky, 16x25mm, brou\u0161en\u00fd\" \/>\n<meta name=\"robots\" content=\"index, follow\" \/>\n<meta name=\"googlebot\" content=\"index, follow, max-snippet:-1, max-image-preview:large, max-video-preview:-1\" \/>\n<meta name=\"bingbot\" content=\"index, follow, max-snippet:-1, max-image-preview:large, max-video-preview:-1\" \/>\n<link rel=\"canonical\" href=\"https:\/\/ledcentar.hr\/novisajt\/shop\/mont-fix-distancni-rozperka\/mont-fix-rozperky-16x25mm-brouseny\/\" \/>\n<meta property=\"og:locale\" content=\"hr_HR\" \/>\n<meta property=\"og:type\" content=\"article\" \/>\n<meta property=\"og:title\" content=\"Mont- fix rozp\u011brky - 16x25mm, brou\u0161en\u00fd &bull; LED Centar\" \/>\n<meta property=\"og:description\" content=\"Mont-fix distan\u010dn\u00ed rozp\u011brky, 16x25mm, brou\u0161en\u00fd\" \/>\n<meta property=\"og:url\" content=\"https:\/\/ledcentar.hr\/novisajt\/cs\/shop\/mont-fix-distancni-rozperka\/mont-fix-rozperky-16x25mm-brouseny\/\" \/>\n<meta property=\"og:site_name\" content=\"LED Centar\" \/>\n<meta property=\"article:modified_time\" content=\"2015-04-01T18:24:21+00:00\" \/>\n<meta property=\"og:image\" content=\"https:\/\/ledcentar.hr\/novisajt\/wp-content\/uploads\/2015\/03\/Mont-fix-16x25-bruseni.jpg\" \/>\n\t<meta property=\"og:image:width\" content=\"400\" \/>\n\t<meta property=\"og:image:height\" content=\"533\" \/>\n<script type=\"application\/ld+json\" class=\"yoast-schema-graph\">{\"@context\":\"https:\/\/schema.org\",\"@graph\":[{\"@type\":\"WebSite\",\"@id\":\"https:\/\/ledcentar.hr\/novisajt\/#website\",\"url\":\"https:\/\/ledcentar.hr\/novisajt\/\",\"name\":\"LED Centar\",\"description\":\"LED rasvjeta za reklamnu industriju\",\"potentialAction\":[{\"@type\":\"SearchAction\",\"target\":\"https:\/\/ledcentar.hr\/novisajt\/?s={search_term_string}\",\"query-input\":\"required name=search_term_string\"}],\"inLanguage\":\"hr\"},{\"@type\":\"ImageObject\",\"@id\":\"https:\/\/ledcentar.hr\/novisajt\/cs\/shop\/mont-fix-distancni-rozperka\/mont-fix-rozperky-16x25mm-brouseny\/#primaryimage\",\"inLanguage\":\"hr\",\"url\":\"https:\/\/ledcentar.hr\/novisajt\/wp-content\/uploads\/2015\/03\/Mont-fix-16x25-bruseni.jpg\",\"width\":400,\"height\":533},{\"@type\":\"WebPage\",\"@id\":\"https:\/\/ledcentar.hr\/novisajt\/cs\/shop\/mont-fix-distancni-rozperka\/mont-fix-rozperky-16x25mm-brouseny\/#webpage\",\"url\":\"https:\/\/ledcentar.hr\/novisajt\/cs\/shop\/mont-fix-distancni-rozperka\/mont-fix-rozperky-16x25mm-brouseny\/\",\"name\":\"Mont- fix rozp\\u011brky - 16x25mm, brou\\u0161en\\u00fd &bull; LED Centar\",\"isPartOf\":{\"@id\":\"https:\/\/ledcentar.hr\/novisajt\/#website\"},\"primaryImageOfPage\":{\"@id\":\"https:\/\/ledcentar.hr\/novisajt\/cs\/shop\/mont-fix-distancni-rozperka\/mont-fix-rozperky-16x25mm-brouseny\/#primaryimage\"},\"datePublished\":\"2015-03-12T09:06:31+00:00\",\"dateModified\":\"2015-04-01T18:24:21+00:00\",\"description\":\"Mont-fix distan\\u010dn\\u00ed rozp\\u011brky, 16x25mm, brou\\u0161en\\u00fd\",\"inLanguage\":\"hr\",\"potentialAction\":[{\"@type\":\"ReadAction\",\"target\":[\"https:\/\/ledcentar.hr\/novisajt\/cs\/shop\/mont-fix-distancni-rozperka\/mont-fix-rozperky-16x25mm-brouseny\/\"]}]}]}<\/script>\n<!-- \/ Yoast SEO plugin. -->","_links":{"self":[{"href":"https:\/\/ledcentar.hr\/novisajt\/wp-json\/wp\/v2\/product\/879"}],"collection":[{"href":"https:\/\/ledcentar.hr\/novisajt\/wp-json\/wp\/v2\/product"}],"about":[{"href":"https:\/\/ledcentar.hr\/novisajt\/wp-json\/wp\/v2\/types\/product"}],"wp:featuredmedia":[{"embeddable":true,"href":"https:\/\/ledcentar.hr\/novisajt\/wp-json\/wp\/v2\/media\/780"}],"wp:attachment":[{"href":"https:\/\/ledcentar.hr\/novisajt\/wp-json\/wp\/v2\/media?parent=879"}],"curies":[{"name":"wp","href":"https:\/\/api.w.org\/{rel}","templated":true}]}}