{"id":7512,"date":"2019-12-03T11:16:02","date_gmt":"2019-12-03T10:16:02","guid":{"rendered":"https:\/\/ledcentar.hr\/?post_type=product&#038;p=7512"},"modified":"2019-12-03T11:23:51","modified_gmt":"2019-12-03T10:23:51","slug":"ispravljac-400w-jinbo-jlv12400kl","status":"publish","type":"product","link":"https:\/\/ledcentar.hr\/novisajt\/shop\/led-ispravljaci-indoor-nevodootporni\/ispravljac-400w-jinbo-jlv12400kl\/","title":{"rendered":"Ispravlja\u010d 400W &#8211; JINBO JLV12400KL"},"content":{"rendered":"","protected":false},"excerpt":{"rendered":"<p><strong>DATA SHEET:<\/strong><\/p>\n<p><a href=\"https:\/\/ledcentar.hr\/novisajt\/wp-content\/uploads\/2019\/12\/Jinbo-NWP-400W-slim-JLV12400KL.pdf\" target=\"_blank\" rel=\"noopener noreferrer\"><img loading=\"lazy\" class=\"alignnone wp-image-6700\" src=\"https:\/\/ledcentar.hr\/novisajt\/wp-content\/uploads\/2018\/09\/adobe-acrobat-pdf-file-512-150x150.png\" alt=\"\" width=\"90\" height=\"90\" srcset=\"https:\/\/ledcentar.hr\/novisajt\/wp-content\/uploads\/2018\/09\/adobe-acrobat-pdf-file-512-150x150.png 150w, https:\/\/ledcentar.hr\/novisajt\/wp-content\/uploads\/2018\/09\/adobe-acrobat-pdf-file-512-300x300.png 300w, https:\/\/ledcentar.hr\/novisajt\/wp-content\/uploads\/2018\/09\/adobe-acrobat-pdf-file-512-466x466.png 466w, https:\/\/ledcentar.hr\/novisajt\/wp-content\/uploads\/2018\/09\/adobe-acrobat-pdf-file-512-233x233.png 233w, https:\/\/ledcentar.hr\/novisajt\/wp-content\/uploads\/2018\/09\/adobe-acrobat-pdf-file-512-100x100.png 100w, https:\/\/ledcentar.hr\/novisajt\/wp-content\/uploads\/2018\/09\/adobe-acrobat-pdf-file-512.png 512w\" sizes=\"(max-width: 90px) 100vw, 90px\" \/><\/a><br \/>\n-100% rad pod optere\u0107enjem, 100% testiran na burn-in<br \/>\n-Odli\u010dan i stabilan rad<br \/>\n-Za\u0161tita od pregrijavanja\/ preoptere\u0107enja\/ kratkog spoja<br \/>\n-Savr\u0161ena ravnote\u017ea izme\u0111u cijene i performansi<\/p>\n","protected":false},"featured_media":7525,"template":"","meta":[],"yoast_head":"<!-- This site is optimized with the Yoast SEO plugin v14.8.1 - https:\/\/yoast.com\/wordpress\/plugins\/seo\/ -->\n<title>Ispravlja\u010d 400W - JINBO JLV12400KL &bull; LED Centar<\/title>\n<meta name=\"description\" content=\"Ispravlja\u010d 400W - JINBO JLV12400KL\" \/>\n<meta name=\"robots\" content=\"index, follow\" \/>\n<meta name=\"googlebot\" content=\"index, follow, max-snippet:-1, max-image-preview:large, max-video-preview:-1\" \/>\n<meta name=\"bingbot\" content=\"index, follow, max-snippet:-1, max-image-preview:large, max-video-preview:-1\" \/>\n<link rel=\"canonical\" href=\"https:\/\/ledcentar.hr\/novisajt\/shop\/led-ispravljaci-indoor-nevodootporni\/ispravljac-400w-jinbo-jlv12400kl\/\" \/>\n<meta property=\"og:locale\" content=\"hr_HR\" \/>\n<meta property=\"og:type\" content=\"article\" \/>\n<meta property=\"og:title\" content=\"Ispravlja\u010d 400W - JINBO JLV12400KL &bull; LED Centar\" \/>\n<meta property=\"og:description\" content=\"Ispravlja\u010d 400W - JINBO JLV12400KL\" \/>\n<meta property=\"og:url\" content=\"https:\/\/ledcentar.hr\/novisajt\/shop\/led-ispravljaci-indoor-nevodootporni\/ispravljac-400w-jinbo-jlv12400kl\/\" \/>\n<meta property=\"og:site_name\" content=\"LED Centar\" \/>\n<meta property=\"article:modified_time\" content=\"2019-12-03T10:23:51+00:00\" \/>\n<meta property=\"og:image\" content=\"https:\/\/ledcentar.hr\/novisajt\/wp-content\/uploads\/2019\/12\/jinbo-400W-slim-2.jpg\" \/>\n\t<meta property=\"og:image:width\" content=\"600\" \/>\n\t<meta property=\"og:image:height\" content=\"600\" \/>\n<script type=\"application\/ld+json\" class=\"yoast-schema-graph\">{\"@context\":\"https:\/\/schema.org\",\"@graph\":[{\"@type\":\"WebSite\",\"@id\":\"https:\/\/ledcentar.hr\/novisajt\/#website\",\"url\":\"https:\/\/ledcentar.hr\/novisajt\/\",\"name\":\"LED Centar\",\"description\":\"LED rasvjeta za reklamnu industriju\",\"potentialAction\":[{\"@type\":\"SearchAction\",\"target\":\"https:\/\/ledcentar.hr\/novisajt\/?s={search_term_string}\",\"query-input\":\"required name=search_term_string\"}],\"inLanguage\":\"hr\"},{\"@type\":\"ImageObject\",\"@id\":\"https:\/\/ledcentar.hr\/novisajt\/shop\/led-ispravljaci-indoor-nevodootporni\/ispravljac-400w-jinbo-jlv12400kl\/#primaryimage\",\"inLanguage\":\"hr\",\"url\":\"https:\/\/ledcentar.hr\/novisajt\/wp-content\/uploads\/2019\/12\/jinbo-400W-slim-2.jpg\",\"width\":600,\"height\":600},{\"@type\":\"WebPage\",\"@id\":\"https:\/\/ledcentar.hr\/novisajt\/shop\/led-ispravljaci-indoor-nevodootporni\/ispravljac-400w-jinbo-jlv12400kl\/#webpage\",\"url\":\"https:\/\/ledcentar.hr\/novisajt\/shop\/led-ispravljaci-indoor-nevodootporni\/ispravljac-400w-jinbo-jlv12400kl\/\",\"name\":\"Ispravlja\\u010d 400W - JINBO JLV12400KL &bull; LED Centar\",\"isPartOf\":{\"@id\":\"https:\/\/ledcentar.hr\/novisajt\/#website\"},\"primaryImageOfPage\":{\"@id\":\"https:\/\/ledcentar.hr\/novisajt\/shop\/led-ispravljaci-indoor-nevodootporni\/ispravljac-400w-jinbo-jlv12400kl\/#primaryimage\"},\"datePublished\":\"2019-12-03T10:16:02+00:00\",\"dateModified\":\"2019-12-03T10:23:51+00:00\",\"description\":\"Ispravlja\\u010d 400W - JINBO JLV12400KL\",\"inLanguage\":\"hr\",\"potentialAction\":[{\"@type\":\"ReadAction\",\"target\":[\"https:\/\/ledcentar.hr\/novisajt\/shop\/led-ispravljaci-indoor-nevodootporni\/ispravljac-400w-jinbo-jlv12400kl\/\"]}]}]}<\/script>\n<!-- \/ Yoast SEO plugin. -->","_links":{"self":[{"href":"https:\/\/ledcentar.hr\/novisajt\/wp-json\/wp\/v2\/product\/7512"}],"collection":[{"href":"https:\/\/ledcentar.hr\/novisajt\/wp-json\/wp\/v2\/product"}],"about":[{"href":"https:\/\/ledcentar.hr\/novisajt\/wp-json\/wp\/v2\/types\/product"}],"wp:featuredmedia":[{"embeddable":true,"href":"https:\/\/ledcentar.hr\/novisajt\/wp-json\/wp\/v2\/media\/7525"}],"wp:attachment":[{"href":"https:\/\/ledcentar.hr\/novisajt\/wp-json\/wp\/v2\/media?parent=7512"}],"curies":[{"name":"wp","href":"https:\/\/api.w.org\/{rel}","templated":true}]}}