{"id":1808,"date":"2018-09-02T16:24:03","date_gmt":"2018-09-02T14:24:03","guid":{"rendered":"http:\/\/ledcentar.hr\/novisajt\/?post_type=product&#038;p=1808"},"modified":"2019-12-03T15:27:27","modified_gmt":"2019-12-03T14:27:27","slug":"ispravljac-15-w-jlv-12015k","status":"publish","type":"product","link":"https:\/\/ledcentar.hr\/novisajt\/shop\/led-ispravljaci-indoor-nevodootporni\/ispravljac-15-w-jlv-12015k\/","title":{"rendered":"Ispravlja\u010d  15W  JLV-12015K"},"content":{"rendered":"","protected":false},"excerpt":{"rendered":"<p><strong>DATA SHEET:<\/strong><\/p>\n<p><a href=\"https:\/\/ledcentar.hr\/novisajt\/wp-content\/uploads\/2019\/11\/Jinbo-NWP-15W-.pdf\" target=\"_blank\" rel=\"noopener noreferrer\"><img loading=\"lazy\" class=\"alignnone wp-image-6700 size-thumbnail\" src=\"https:\/\/ledcentar.hr\/novisajt\/wp-content\/uploads\/2018\/09\/adobe-acrobat-pdf-file-512-150x150.png\" alt=\"\" width=\"90\" height=\"90\" srcset=\"https:\/\/ledcentar.hr\/novisajt\/wp-content\/uploads\/2018\/09\/adobe-acrobat-pdf-file-512-150x150.png 150w, https:\/\/ledcentar.hr\/novisajt\/wp-content\/uploads\/2018\/09\/adobe-acrobat-pdf-file-512-300x300.png 300w, https:\/\/ledcentar.hr\/novisajt\/wp-content\/uploads\/2018\/09\/adobe-acrobat-pdf-file-512-466x466.png 466w, https:\/\/ledcentar.hr\/novisajt\/wp-content\/uploads\/2018\/09\/adobe-acrobat-pdf-file-512-233x233.png 233w, https:\/\/ledcentar.hr\/novisajt\/wp-content\/uploads\/2018\/09\/adobe-acrobat-pdf-file-512-100x100.png 100w, https:\/\/ledcentar.hr\/novisajt\/wp-content\/uploads\/2018\/09\/adobe-acrobat-pdf-file-512.png 512w\" sizes=\"(max-width: 90px) 100vw, 90px\" \/><\/a><br \/>\n-100% rad pod optere\u0107enjem, 100% testiran na burn-in<br \/>\n-Odli\u010dan i stabilan rad<br \/>\n-Za\u0161tita od pregrijavanja\/ preoptere\u0107enja\/ kratkog spoja<br \/>\n-Savr\u0161ena ravnote\u017ea izme\u0111u cijene i performansi<\/p>\n","protected":false},"featured_media":1809,"template":"","meta":[],"yoast_head":"<!-- This site is optimized with the Yoast SEO plugin v14.8.1 - https:\/\/yoast.com\/wordpress\/plugins\/seo\/ -->\n<title>Ispravlja\u010d 15W JLV-12015K &bull; LED Centar<\/title>\n<meta name=\"robots\" content=\"index, follow\" \/>\n<meta name=\"googlebot\" content=\"index, follow, max-snippet:-1, max-image-preview:large, max-video-preview:-1\" \/>\n<meta name=\"bingbot\" content=\"index, follow, max-snippet:-1, max-image-preview:large, max-video-preview:-1\" \/>\n<link rel=\"canonical\" href=\"https:\/\/ledcentar.hr\/novisajt\/shop\/led-ispravljaci-indoor-nevodootporni\/ispravljac-15-w-jlv-12015k\/\" \/>\n<meta property=\"og:locale\" content=\"hr_HR\" \/>\n<meta property=\"og:type\" content=\"article\" \/>\n<meta property=\"og:title\" content=\"Ispravlja\u010d 15W JLV-12015K &bull; LED Centar\" \/>\n<meta property=\"og:description\" content=\"DATA SHEET:   -100% rad pod optere\u0107enjem, 100% testiran na burn-in -Odli\u010dan i stabilan rad -Za\u0161tita od pregrijavanja\/ preoptere\u0107enja\/ kratkog spoja -Savr\u0161ena ravnote\u017ea izme\u0111u cijene i performansi\" \/>\n<meta property=\"og:url\" content=\"https:\/\/ledcentar.hr\/novisajt\/shop\/led-ispravljaci-indoor-nevodootporni\/ispravljac-15-w-jlv-12015k\/\" \/>\n<meta property=\"og:site_name\" content=\"LED Centar\" \/>\n<meta property=\"article:modified_time\" content=\"2019-12-03T14:27:27+00:00\" \/>\n<meta property=\"og:image\" content=\"https:\/\/ledcentar.hr\/novisajt\/wp-content\/uploads\/2018\/09\/Ispravljac\u030c-nevodootporni-15W12015K.jpg\" \/>\n\t<meta property=\"og:image:width\" content=\"3601\" \/>\n\t<meta property=\"og:image:height\" content=\"3068\" \/>\n<script type=\"application\/ld+json\" class=\"yoast-schema-graph\">{\"@context\":\"https:\/\/schema.org\",\"@graph\":[{\"@type\":\"WebSite\",\"@id\":\"https:\/\/ledcentar.hr\/novisajt\/#website\",\"url\":\"https:\/\/ledcentar.hr\/novisajt\/\",\"name\":\"LED Centar\",\"description\":\"LED rasvjeta za reklamnu industriju\",\"potentialAction\":[{\"@type\":\"SearchAction\",\"target\":\"https:\/\/ledcentar.hr\/novisajt\/?s={search_term_string}\",\"query-input\":\"required name=search_term_string\"}],\"inLanguage\":\"hr\"},{\"@type\":\"ImageObject\",\"@id\":\"https:\/\/ledcentar.hr\/novisajt\/shop\/led-ispravljaci-indoor-nevodootporni\/ispravljac-15-w-jlv-12015k\/#primaryimage\",\"inLanguage\":\"hr\",\"url\":\"https:\/\/ledcentar.hr\/novisajt\/wp-content\/uploads\/2018\/09\/Ispravljac\\u030c-nevodootporni-15W12015K.jpg\",\"width\":3601,\"height\":3068},{\"@type\":\"WebPage\",\"@id\":\"https:\/\/ledcentar.hr\/novisajt\/shop\/led-ispravljaci-indoor-nevodootporni\/ispravljac-15-w-jlv-12015k\/#webpage\",\"url\":\"https:\/\/ledcentar.hr\/novisajt\/shop\/led-ispravljaci-indoor-nevodootporni\/ispravljac-15-w-jlv-12015k\/\",\"name\":\"Ispravlja\\u010d 15W JLV-12015K &bull; LED Centar\",\"isPartOf\":{\"@id\":\"https:\/\/ledcentar.hr\/novisajt\/#website\"},\"primaryImageOfPage\":{\"@id\":\"https:\/\/ledcentar.hr\/novisajt\/shop\/led-ispravljaci-indoor-nevodootporni\/ispravljac-15-w-jlv-12015k\/#primaryimage\"},\"datePublished\":\"2018-09-02T14:24:03+00:00\",\"dateModified\":\"2019-12-03T14:27:27+00:00\",\"inLanguage\":\"hr\",\"potentialAction\":[{\"@type\":\"ReadAction\",\"target\":[\"https:\/\/ledcentar.hr\/novisajt\/shop\/led-ispravljaci-indoor-nevodootporni\/ispravljac-15-w-jlv-12015k\/\"]}]}]}<\/script>\n<!-- \/ Yoast SEO plugin. -->","_links":{"self":[{"href":"https:\/\/ledcentar.hr\/novisajt\/wp-json\/wp\/v2\/product\/1808"}],"collection":[{"href":"https:\/\/ledcentar.hr\/novisajt\/wp-json\/wp\/v2\/product"}],"about":[{"href":"https:\/\/ledcentar.hr\/novisajt\/wp-json\/wp\/v2\/types\/product"}],"wp:featuredmedia":[{"embeddable":true,"href":"https:\/\/ledcentar.hr\/novisajt\/wp-json\/wp\/v2\/media\/1809"}],"wp:attachment":[{"href":"https:\/\/ledcentar.hr\/novisajt\/wp-json\/wp\/v2\/media?parent=1808"}],"curies":[{"name":"wp","href":"https:\/\/api.w.org\/{rel}","templated":true}]}}