{"id":166,"date":"2015-03-05T09:50:13","date_gmt":"2015-03-05T09:50:13","guid":{"rendered":"http:\/\/ledcentar.hr\/novisajt\/?post_type=product&#038;p=166"},"modified":"2016-01-05T11:45:42","modified_gmt":"2016-01-05T11:45:42","slug":"ir24-kontroler","status":"publish","type":"product","link":"https:\/\/ledcentar.hr\/novisajt\/shop\/led-rgb-kontroleri\/ir24-kontroler\/","title":{"rendered":"IR6A (24 tipke) kontroler"},"content":{"rendered":"<p><strong>Model: IR24<\/strong><\/p>\n<p>\u2013 Radna temperatura:     -25-60\u2103<br \/>\n\u2013 Ulazni napon:     DC12V, 24V(12V je uobi\u010dajeno)<br \/>\n\u2013 Red boja:     RGB\u3001BRG\u3001GRB\u3001BGR\uff08RGB je uobi\u010dajen)<br \/>\n\u2013 funkcije:     20 vrsta na\u010dina promjene<br \/>\n\u2013 Izlaz:            3 sklopa (3 kanala)<br \/>\n\u2013 Priklju\u010dak: Zajedni\u010dka anoda ili zajedni\u010dka katoda (zajedni\u010dka anoda je uobi\u010dajena)<br \/>\n\u2013 Dimenzija       D49.5\u03a7\u016034.5\u03a7V22 mm<br \/>\n\u2013 Neto te\u017eina         50g<br \/>\n\u2013 Potro\u0161nja struje u stanju mirovanja:   <1W\n\u2013 Maksimalni izlaz:   2A po kanalu\n\u2013 Izlazna snaga:     12V<72W\n\n<\/p>\n","protected":false},"excerpt":{"rendered":"<p><span class=\"hps\">Model<\/span> <span class=\"hps\">IR<\/span>24 <span class=\"hps\">je<\/span> <span class=\"hps\">pojednostavljeni<\/span> <span class=\"hps\">Infracrveni (IC<\/span>) <span class=\"hps\">kontroler<\/span> <span class=\"hps\">sa<\/span> daljinskim upravlja\u010dem sa 24 tipke.<\/p>\n","protected":false},"featured_media":167,"template":"","meta":[],"yoast_head":"<!-- This site is optimized with the Yoast SEO plugin v14.8.1 - https:\/\/yoast.com\/wordpress\/plugins\/seo\/ -->\n<title>IR6A (24 tipke) kontroler &bull; LED Centar<\/title>\n<meta name=\"description\" content=\"IR24 kontroler\" \/>\n<meta name=\"robots\" content=\"index, follow\" \/>\n<meta name=\"googlebot\" content=\"index, follow, max-snippet:-1, max-image-preview:large, max-video-preview:-1\" \/>\n<meta name=\"bingbot\" content=\"index, follow, max-snippet:-1, max-image-preview:large, max-video-preview:-1\" \/>\n<link rel=\"canonical\" href=\"https:\/\/ledcentar.hr\/novisajt\/shop\/led-rgb-kontroleri\/ir24-kontroler\/\" \/>\n<meta property=\"og:locale\" content=\"hr_HR\" \/>\n<meta property=\"og:type\" content=\"article\" \/>\n<meta property=\"og:title\" content=\"IR6A (24 tipke) kontroler &bull; LED Centar\" \/>\n<meta property=\"og:description\" content=\"IR24 kontroler\" \/>\n<meta property=\"og:url\" content=\"https:\/\/ledcentar.hr\/novisajt\/shop\/led-rgb-kontroleri\/ir24-kontroler\/\" \/>\n<meta property=\"og:site_name\" content=\"LED Centar\" \/>\n<meta property=\"article:modified_time\" content=\"2016-01-05T11:45:42+00:00\" \/>\n<meta property=\"og:image\" content=\"https:\/\/ledcentar.hr\/novisajt\/wp-content\/uploads\/2015\/03\/IR24.jpg\" \/>\n\t<meta property=\"og:image:width\" content=\"388\" \/>\n\t<meta property=\"og:image:height\" content=\"303\" \/>\n<script type=\"application\/ld+json\" class=\"yoast-schema-graph\">{\"@context\":\"https:\/\/schema.org\",\"@graph\":[{\"@type\":\"WebSite\",\"@id\":\"https:\/\/ledcentar.hr\/novisajt\/#website\",\"url\":\"https:\/\/ledcentar.hr\/novisajt\/\",\"name\":\"LED Centar\",\"description\":\"LED rasvjeta za reklamnu industriju\",\"potentialAction\":[{\"@type\":\"SearchAction\",\"target\":\"https:\/\/ledcentar.hr\/novisajt\/?s={search_term_string}\",\"query-input\":\"required name=search_term_string\"}],\"inLanguage\":\"hr\"},{\"@type\":\"ImageObject\",\"@id\":\"https:\/\/ledcentar.hr\/novisajt\/shop\/led-rgb-kontroleri\/ir24-kontroler\/#primaryimage\",\"inLanguage\":\"hr\",\"url\":\"https:\/\/ledcentar.hr\/novisajt\/wp-content\/uploads\/2015\/03\/IR24.jpg\",\"width\":388,\"height\":303,\"caption\":\"IR24 kontroler\"},{\"@type\":\"WebPage\",\"@id\":\"https:\/\/ledcentar.hr\/novisajt\/shop\/led-rgb-kontroleri\/ir24-kontroler\/#webpage\",\"url\":\"https:\/\/ledcentar.hr\/novisajt\/shop\/led-rgb-kontroleri\/ir24-kontroler\/\",\"name\":\"IR6A (24 tipke) kontroler &bull; LED Centar\",\"isPartOf\":{\"@id\":\"https:\/\/ledcentar.hr\/novisajt\/#website\"},\"primaryImageOfPage\":{\"@id\":\"https:\/\/ledcentar.hr\/novisajt\/shop\/led-rgb-kontroleri\/ir24-kontroler\/#primaryimage\"},\"datePublished\":\"2015-03-05T09:50:13+00:00\",\"dateModified\":\"2016-01-05T11:45:42+00:00\",\"description\":\"IR24 kontroler\",\"inLanguage\":\"hr\",\"potentialAction\":[{\"@type\":\"ReadAction\",\"target\":[\"https:\/\/ledcentar.hr\/novisajt\/shop\/led-rgb-kontroleri\/ir24-kontroler\/\"]}]}]}<\/script>\n<!-- \/ Yoast SEO plugin. -->","_links":{"self":[{"href":"https:\/\/ledcentar.hr\/novisajt\/wp-json\/wp\/v2\/product\/166"}],"collection":[{"href":"https:\/\/ledcentar.hr\/novisajt\/wp-json\/wp\/v2\/product"}],"about":[{"href":"https:\/\/ledcentar.hr\/novisajt\/wp-json\/wp\/v2\/types\/product"}],"wp:featuredmedia":[{"embeddable":true,"href":"https:\/\/ledcentar.hr\/novisajt\/wp-json\/wp\/v2\/media\/167"}],"wp:attachment":[{"href":"https:\/\/ledcentar.hr\/novisajt\/wp-json\/wp\/v2\/media?parent=166"}],"curies":[{"name":"wp","href":"https:\/\/api.w.org\/{rel}","templated":true}]}}