{"id":163,"date":"2015-03-05T09:37:28","date_gmt":"2015-03-05T09:37:28","guid":{"rendered":"http:\/\/ledcentar.hr\/novisajt\/?post_type=product&#038;p=163"},"modified":"2019-10-03T15:47:35","modified_gmt":"2019-10-03T13:47:35","slug":"ir44-kontroler","status":"publish","type":"product","link":"https:\/\/ledcentar.hr\/novisajt\/shop\/led-rgb-kontroleri\/ir44-kontroler\/","title":{"rendered":"IR6A (44 tipke) kontroler"},"content":{"rendered":"<p><strong>Model:\u00a0IR-S-44<\/strong><br \/>\n\u2013 Radna temperatura: -25-60\u2103<br \/>\n\u2013 Ulazni napon: DC12V, 24V(12V je uobi\u010dajeno)<br \/>\n\u2013 Red boja: RGB\u3001BRG\u3001GRB\u3001BGR\uff08RGB je uobi\u010dajen)<br \/>\n\u2013 funkcije: 34 vrste na\u010dina promjene<br \/>\n\u2013 Izlaz: 3 sklopa (3 kanala)<br \/>\n\u2013 Priklju\u010dak: Zajedni\u010dka anoda ili zajedni\u010dka katoda (zajedni\u010dka anoda je uobi\u010dajena)<br \/>\n\u2013 Dimenzija D49.5\u03a7\u016034.5\u03a7V22 mm<br \/>\n\u2013 Neto te\u017eina 70g<br \/>\n\u2013 Potro\u0161nja struje u stanju mirovanja: &lt;1W<br \/>\n\u2013 Maksimalni izlaz: 2A po kanalu<br \/>\n\u2013 Izlazna snaga: 12V&lt;72W<\/p>\n","protected":false},"excerpt":{"rendered":"<p><span class=\"hps\">Model<\/span> <span class=\"hps\">IR44<\/span> <span class=\"hps\">je<\/span> <span class=\"hps\">pojednostavljeni<\/span> <span class=\"hps\">Infracrveni (IC<\/span>) <span class=\"hps\">kontroler<\/span> <span class=\"hps\">sa<\/span> daljinskim upravlja\u010dem sa 44 tipke.<\/p>\n","protected":false},"featured_media":164,"template":"","meta":[],"yoast_head":"<!-- This site is optimized with the Yoast SEO plugin v14.8.1 - https:\/\/yoast.com\/wordpress\/plugins\/seo\/ -->\n<title>IR6A (44 tipke) kontroler &bull; LED Centar<\/title>\n<meta name=\"description\" content=\"IR44 kontroler, Model:\u00a0IR-S-44\" \/>\n<meta name=\"robots\" content=\"index, follow\" \/>\n<meta name=\"googlebot\" content=\"index, follow, max-snippet:-1, max-image-preview:large, max-video-preview:-1\" \/>\n<meta name=\"bingbot\" content=\"index, follow, max-snippet:-1, max-image-preview:large, max-video-preview:-1\" \/>\n<link rel=\"canonical\" href=\"https:\/\/ledcentar.hr\/novisajt\/shop\/led-rgb-kontroleri\/ir44-kontroler\/\" \/>\n<meta property=\"og:locale\" content=\"hr_HR\" \/>\n<meta property=\"og:type\" content=\"article\" \/>\n<meta property=\"og:title\" content=\"IR6A (44 tipke) kontroler &bull; LED Centar\" \/>\n<meta property=\"og:description\" content=\"IR44 kontroler, Model:\u00a0IR-S-44\" \/>\n<meta property=\"og:url\" content=\"https:\/\/ledcentar.hr\/novisajt\/shop\/led-rgb-kontroleri\/ir44-kontroler\/\" \/>\n<meta property=\"og:site_name\" content=\"LED Centar\" \/>\n<meta property=\"article:modified_time\" content=\"2019-10-03T13:47:35+00:00\" \/>\n<meta property=\"og:image\" content=\"https:\/\/ledcentar.hr\/novisajt\/wp-content\/uploads\/2015\/03\/IR44.jpg\" \/>\n\t<meta property=\"og:image:width\" content=\"325\" \/>\n\t<meta property=\"og:image:height\" content=\"338\" \/>\n<script type=\"application\/ld+json\" class=\"yoast-schema-graph\">{\"@context\":\"https:\/\/schema.org\",\"@graph\":[{\"@type\":\"WebSite\",\"@id\":\"https:\/\/ledcentar.hr\/novisajt\/#website\",\"url\":\"https:\/\/ledcentar.hr\/novisajt\/\",\"name\":\"LED Centar\",\"description\":\"LED rasvjeta za reklamnu industriju\",\"potentialAction\":[{\"@type\":\"SearchAction\",\"target\":\"https:\/\/ledcentar.hr\/novisajt\/?s={search_term_string}\",\"query-input\":\"required name=search_term_string\"}],\"inLanguage\":\"hr\"},{\"@type\":\"ImageObject\",\"@id\":\"https:\/\/ledcentar.hr\/novisajt\/shop\/led-rgb-kontroleri\/ir44-kontroler\/#primaryimage\",\"inLanguage\":\"hr\",\"url\":\"https:\/\/ledcentar.hr\/novisajt\/wp-content\/uploads\/2015\/03\/IR44.jpg\",\"width\":325,\"height\":338,\"caption\":\"IR44 kontroloer\"},{\"@type\":\"WebPage\",\"@id\":\"https:\/\/ledcentar.hr\/novisajt\/shop\/led-rgb-kontroleri\/ir44-kontroler\/#webpage\",\"url\":\"https:\/\/ledcentar.hr\/novisajt\/shop\/led-rgb-kontroleri\/ir44-kontroler\/\",\"name\":\"IR6A (44 tipke) kontroler &bull; LED Centar\",\"isPartOf\":{\"@id\":\"https:\/\/ledcentar.hr\/novisajt\/#website\"},\"primaryImageOfPage\":{\"@id\":\"https:\/\/ledcentar.hr\/novisajt\/shop\/led-rgb-kontroleri\/ir44-kontroler\/#primaryimage\"},\"datePublished\":\"2015-03-05T09:37:28+00:00\",\"dateModified\":\"2019-10-03T13:47:35+00:00\",\"description\":\"IR44 kontroler, Model:\\u00a0IR-S-44\",\"inLanguage\":\"hr\",\"potentialAction\":[{\"@type\":\"ReadAction\",\"target\":[\"https:\/\/ledcentar.hr\/novisajt\/shop\/led-rgb-kontroleri\/ir44-kontroler\/\"]}]}]}<\/script>\n<!-- \/ Yoast SEO plugin. -->","_links":{"self":[{"href":"https:\/\/ledcentar.hr\/novisajt\/wp-json\/wp\/v2\/product\/163"}],"collection":[{"href":"https:\/\/ledcentar.hr\/novisajt\/wp-json\/wp\/v2\/product"}],"about":[{"href":"https:\/\/ledcentar.hr\/novisajt\/wp-json\/wp\/v2\/types\/product"}],"wp:featuredmedia":[{"embeddable":true,"href":"https:\/\/ledcentar.hr\/novisajt\/wp-json\/wp\/v2\/media\/164"}],"wp:attachment":[{"href":"https:\/\/ledcentar.hr\/novisajt\/wp-json\/wp\/v2\/media?parent=163"}],"curies":[{"name":"wp","href":"https:\/\/api.w.org\/{rel}","templated":true}]}}