{"id":160,"date":"2015-03-05T09:31:26","date_gmt":"2015-03-05T09:31:26","guid":{"rendered":"http:\/\/ledcentar.hr\/novisajt\/?post_type=product&#038;p=160"},"modified":"2016-01-05T14:56:17","modified_gmt":"2016-01-05T14:56:17","slug":"pojacalo-ja-2","status":"publish","type":"product","link":"https:\/\/ledcentar.hr\/novisajt\/shop\/led-rgb-kontroleri\/pojacalo-ja-2\/","title":{"rendered":"Poja\u010dalo JA-2"},"content":{"rendered":"<div><b>Model: JA-2<\/b><br \/>\n\u2013 Radna temperatura: -25-60\u2103<br \/>\n\u2013 Ulazni napon: DC12V, 24V(12V je uobi\u010dajeno)<br \/>\n\u2013 Izlaz: 3 sklopa (3 kanala)<br \/>\n\u2013 Priklju\u010dak: Zajedni\u010dka anoda ili zajedni\u010dka katoda\uff08zajedni\u010dka anoda je uobi\u010dajena\uff09<br \/>\n&#8211; Dimenzija: D105\u03a7\u016065\u03a7V25 mm<br \/>\n&#8211; Neto te\u017eina 190g<br \/>\n\u2013 Maksimalni izlaz: \u2013 Izlazna snaga: 12V&lt;144W<\/div>\n","protected":false},"excerpt":{"rendered":"<p><span class=\"hps atn\">JA-<\/span>2 <span class=\"hps\">je<\/span> <span class=\"hps\">poja\u010dalo<\/span> <span class=\"hps\">najnovije inovativne<\/span> <span class=\"hps\">tehnologije<\/span>. <span class=\"hps\">Po primitku<\/span> <span class=\"hps\">PWM<\/span> <span class=\"hps\">signala<\/span>, <span class=\"hps\">pogodan je<\/span> <span class=\"hps\">za sve vrste<\/span> <span class=\"hps\">regulacija napona<\/span> <span class=\"hps\">RGB<\/span> <span class=\"hps\">kontrolera. T<\/span><span class=\"hps\">eoretski<\/span>,<span class=\"hps\">nosivost<\/span> se mo\u017ee udvostru\u010diti<span class=\"hps\"> na<\/span> <span class=\"hps\">svako dodatno<\/span> <span class=\"hps\">RGB<\/span> <span class=\"hps\">poja\u010dalo<\/span> koje se <span class=\"hps\">povezuje<\/span> <span class=\"hps atn\">(<\/span>primjerice: <span class=\"hps\">3<\/span> <span class=\"hps\">poja\u010dala <\/span><span class=\"hps\">utrostru\u010duju <\/span><span class=\"hps\">kapacitet<\/span> <span class=\"hps\">utovara,<\/span> <span class=\"hps\">4\u00a0<\/span><span class=\"hps\">poja\u010dala<\/span> <span class=\"hps\">donos i <\/span><span class=\"hps\">\u010detiri<\/span> <span class=\"hps\">puta<\/span> ve\u0107u <span class=\"hps\">nosivost<\/span><span class=\"hps\">.)<\/span><\/p>\n","protected":false},"featured_media":161,"template":"","meta":[],"yoast_head":"<!-- This site is optimized with the Yoast SEO plugin v14.8.1 - https:\/\/yoast.com\/wordpress\/plugins\/seo\/ -->\n<title>Poja\u010dalo JA-2 &bull; LED Centar<\/title>\n<meta name=\"description\" content=\"Poja\u010dalo, Model: JA-2\" \/>\n<meta name=\"robots\" content=\"index, follow\" \/>\n<meta name=\"googlebot\" content=\"index, follow, max-snippet:-1, max-image-preview:large, max-video-preview:-1\" \/>\n<meta name=\"bingbot\" content=\"index, follow, max-snippet:-1, max-image-preview:large, max-video-preview:-1\" \/>\n<link rel=\"canonical\" href=\"https:\/\/ledcentar.hr\/novisajt\/shop\/led-rgb-kontroleri\/pojacalo-ja-2\/\" \/>\n<meta property=\"og:locale\" content=\"hr_HR\" \/>\n<meta property=\"og:type\" content=\"article\" \/>\n<meta property=\"og:title\" content=\"Poja\u010dalo JA-2 &bull; LED Centar\" \/>\n<meta property=\"og:description\" content=\"Poja\u010dalo, Model: JA-2\" \/>\n<meta property=\"og:url\" content=\"https:\/\/ledcentar.hr\/novisajt\/shop\/led-rgb-kontroleri\/pojacalo-ja-2\/\" \/>\n<meta property=\"og:site_name\" content=\"LED Centar\" \/>\n<meta property=\"article:modified_time\" content=\"2016-01-05T14:56:17+00:00\" \/>\n<meta property=\"og:image\" content=\"https:\/\/ledcentar.hr\/novisajt\/wp-content\/uploads\/2015\/03\/Poja\u010daloJA2.jpg\" \/>\n\t<meta property=\"og:image:width\" content=\"302\" \/>\n\t<meta property=\"og:image:height\" content=\"252\" \/>\n<script type=\"application\/ld+json\" class=\"yoast-schema-graph\">{\"@context\":\"https:\/\/schema.org\",\"@graph\":[{\"@type\":\"WebSite\",\"@id\":\"https:\/\/ledcentar.hr\/novisajt\/#website\",\"url\":\"https:\/\/ledcentar.hr\/novisajt\/\",\"name\":\"LED Centar\",\"description\":\"LED rasvjeta za reklamnu industriju\",\"potentialAction\":[{\"@type\":\"SearchAction\",\"target\":\"https:\/\/ledcentar.hr\/novisajt\/?s={search_term_string}\",\"query-input\":\"required name=search_term_string\"}],\"inLanguage\":\"hr\"},{\"@type\":\"ImageObject\",\"@id\":\"https:\/\/ledcentar.hr\/novisajt\/shop\/led-rgb-kontroleri\/pojacalo-ja-2\/#primaryimage\",\"inLanguage\":\"hr\",\"url\":\"https:\/\/ledcentar.hr\/novisajt\/wp-content\/uploads\/2015\/03\/Poja\\u010daloJA2.jpg\",\"width\":302,\"height\":252,\"caption\":\"Poja\\u010dalo JA-2\"},{\"@type\":\"WebPage\",\"@id\":\"https:\/\/ledcentar.hr\/novisajt\/shop\/led-rgb-kontroleri\/pojacalo-ja-2\/#webpage\",\"url\":\"https:\/\/ledcentar.hr\/novisajt\/shop\/led-rgb-kontroleri\/pojacalo-ja-2\/\",\"name\":\"Poja\\u010dalo JA-2 &bull; LED Centar\",\"isPartOf\":{\"@id\":\"https:\/\/ledcentar.hr\/novisajt\/#website\"},\"primaryImageOfPage\":{\"@id\":\"https:\/\/ledcentar.hr\/novisajt\/shop\/led-rgb-kontroleri\/pojacalo-ja-2\/#primaryimage\"},\"datePublished\":\"2015-03-05T09:31:26+00:00\",\"dateModified\":\"2016-01-05T14:56:17+00:00\",\"description\":\"Poja\\u010dalo, Model: JA-2\",\"inLanguage\":\"hr\",\"potentialAction\":[{\"@type\":\"ReadAction\",\"target\":[\"https:\/\/ledcentar.hr\/novisajt\/shop\/led-rgb-kontroleri\/pojacalo-ja-2\/\"]}]}]}<\/script>\n<!-- \/ Yoast SEO plugin. -->","_links":{"self":[{"href":"https:\/\/ledcentar.hr\/novisajt\/wp-json\/wp\/v2\/product\/160"}],"collection":[{"href":"https:\/\/ledcentar.hr\/novisajt\/wp-json\/wp\/v2\/product"}],"about":[{"href":"https:\/\/ledcentar.hr\/novisajt\/wp-json\/wp\/v2\/types\/product"}],"wp:featuredmedia":[{"embeddable":true,"href":"https:\/\/ledcentar.hr\/novisajt\/wp-json\/wp\/v2\/media\/161"}],"wp:attachment":[{"href":"https:\/\/ledcentar.hr\/novisajt\/wp-json\/wp\/v2\/media?parent=160"}],"curies":[{"name":"wp","href":"https:\/\/api.w.org\/{rel}","templated":true}]}}