{"id":1486,"date":"2016-01-05T10:56:46","date_gmt":"2016-01-05T10:56:46","guid":{"rendered":""},"modified":"2016-01-05T11:10:44","modified_gmt":"2016-01-05T11:10:44","slug":"rgb-ovladac-rf-kopiraj","status":"publish","type":"product","link":"https:\/\/ledcentar.hr\/novisajt\/cs\/shop\/led-rgb-kontroleri\/rgb-ovladac-rf-kopiraj\/","title":{"rendered":"RGB ovlada\u010d RFtouch"},"content":{"rendered":"","protected":false},"excerpt":{"rendered":"<p>Pracovn\u00ed nap\u011bt\u00ed: 12V<br \/>\nMaxim\u00e1ln\u00ed zat\u00ed\u017een\u00ed: 18A<br \/>\nDimenze: 81x64x24mm<br \/>\nKan\u00e1ly: 3 (RGB)<br \/>\nV\u00fdstup v\u00fdkon: 216W<\/p>\n","protected":false},"featured_media":1353,"template":"","meta":[],"yoast_head":"<!-- This site is optimized with the Yoast SEO plugin v14.8.1 - https:\/\/yoast.com\/wordpress\/plugins\/seo\/ -->\n<title>RGB ovlada\u010d RFtouch &bull; LED Centar<\/title>\n<meta name=\"description\" content=\"RGB ovlada\u010d - Model: RF-N-4\" \/>\n<meta name=\"robots\" content=\"index, follow\" \/>\n<meta name=\"googlebot\" content=\"index, follow, max-snippet:-1, max-image-preview:large, max-video-preview:-1\" \/>\n<meta name=\"bingbot\" content=\"index, follow, max-snippet:-1, max-image-preview:large, max-video-preview:-1\" \/>\n<link rel=\"canonical\" href=\"https:\/\/ledcentar.hr\/novisajt\/shop\/led-rgb-ovladace\/rgb-ovladac-rf-kopiraj\/\" \/>\n<meta property=\"og:locale\" content=\"hr_HR\" \/>\n<meta property=\"og:type\" content=\"article\" \/>\n<meta property=\"og:title\" content=\"RGB ovlada\u010d RFtouch &bull; LED Centar\" \/>\n<meta property=\"og:description\" content=\"RGB ovlada\u010d - Model: RF-N-4\" \/>\n<meta property=\"og:url\" content=\"https:\/\/ledcentar.hr\/novisajt\/cs\/shop\/led-rgb-ovladace\/rgb-ovladac-rf-kopiraj\/\" \/>\n<meta property=\"og:site_name\" content=\"LED Centar\" \/>\n<meta property=\"article:modified_time\" content=\"2016-01-05T11:10:44+00:00\" \/>\n<meta property=\"og:image\" content=\"https:\/\/ledcentar.hr\/novisajt\/wp-content\/uploads\/2015\/03\/RGB-RF-18A-.jpg\" \/>\n\t<meta property=\"og:image:width\" content=\"1024\" \/>\n\t<meta property=\"og:image:height\" content=\"854\" \/>\n<script type=\"application\/ld+json\" class=\"yoast-schema-graph\">{\"@context\":\"https:\/\/schema.org\",\"@graph\":[{\"@type\":\"WebSite\",\"@id\":\"https:\/\/ledcentar.hr\/novisajt\/#website\",\"url\":\"https:\/\/ledcentar.hr\/novisajt\/\",\"name\":\"LED Centar\",\"description\":\"LED rasvjeta za reklamnu industriju\",\"potentialAction\":[{\"@type\":\"SearchAction\",\"target\":\"https:\/\/ledcentar.hr\/novisajt\/?s={search_term_string}\",\"query-input\":\"required name=search_term_string\"}],\"inLanguage\":\"hr\"},{\"@type\":\"ImageObject\",\"@id\":\"https:\/\/ledcentar.hr\/novisajt\/cs\/shop\/led-rgb-ovladace\/rgb-ovladac-rf-kopiraj\/#primaryimage\",\"inLanguage\":\"hr\",\"url\":\"https:\/\/ledcentar.hr\/novisajt\/wp-content\/uploads\/2015\/03\/RGB-RF-18A-.jpg\",\"width\":1024,\"height\":854},{\"@type\":\"WebPage\",\"@id\":\"https:\/\/ledcentar.hr\/novisajt\/cs\/shop\/led-rgb-ovladace\/rgb-ovladac-rf-kopiraj\/#webpage\",\"url\":\"https:\/\/ledcentar.hr\/novisajt\/cs\/shop\/led-rgb-ovladace\/rgb-ovladac-rf-kopiraj\/\",\"name\":\"RGB ovlada\\u010d RFtouch &bull; LED Centar\",\"isPartOf\":{\"@id\":\"https:\/\/ledcentar.hr\/novisajt\/#website\"},\"primaryImageOfPage\":{\"@id\":\"https:\/\/ledcentar.hr\/novisajt\/cs\/shop\/led-rgb-ovladace\/rgb-ovladac-rf-kopiraj\/#primaryimage\"},\"datePublished\":\"2016-01-05T10:56:46+00:00\",\"dateModified\":\"2016-01-05T11:10:44+00:00\",\"description\":\"RGB ovlada\\u010d - Model: RF-N-4\",\"inLanguage\":\"hr\",\"potentialAction\":[{\"@type\":\"ReadAction\",\"target\":[\"https:\/\/ledcentar.hr\/novisajt\/cs\/shop\/led-rgb-ovladace\/rgb-ovladac-rf-kopiraj\/\"]}]}]}<\/script>\n<!-- \/ Yoast SEO plugin. -->","_links":{"self":[{"href":"https:\/\/ledcentar.hr\/novisajt\/wp-json\/wp\/v2\/product\/1486"}],"collection":[{"href":"https:\/\/ledcentar.hr\/novisajt\/wp-json\/wp\/v2\/product"}],"about":[{"href":"https:\/\/ledcentar.hr\/novisajt\/wp-json\/wp\/v2\/types\/product"}],"wp:featuredmedia":[{"embeddable":true,"href":"https:\/\/ledcentar.hr\/novisajt\/wp-json\/wp\/v2\/media\/1353"}],"wp:attachment":[{"href":"https:\/\/ledcentar.hr\/novisajt\/wp-json\/wp\/v2\/media?parent=1486"}],"curies":[{"name":"wp","href":"https:\/\/api.w.org\/{rel}","templated":true}]}}