{"id":1444,"date":"2015-12-16T11:45:34","date_gmt":"2015-12-16T11:45:34","guid":{"rendered":"http:\/\/ledcentar.hr\/novisajt\/shop\/uncategorized\/channelume-4\/"},"modified":"2018-05-24T14:43:11","modified_gmt":"2018-05-24T14:43:11","slug":"channelume-4","status":"publish","type":"product","link":"https:\/\/ledcentar.hr\/novisajt\/cs\/shop\/channelume\/channelume-4\/","title":{"rendered":"Channelume"},"content":{"rendered":"","protected":false},"excerpt":{"rendered":"<p>&Scaron;&iacute;\u0159ka p&aacute;sky: 70mm, 90mm, 110mm a 130mm<\/p>\n<p>Barvy: st\u0159&iacute;brn&aacute; (le&scaron;t\u011bn&yacute; a mirror), zlato (le&scaron;t\u011bn&eacute; a mirror),&nbsp;\u010dern&aacute; mat, b&iacute;l&aacute; mat, \u010derven&aacute;, modr&aacute;, zelen&aacute;, \u017elut&aacute;<\/p>\n","protected":false},"featured_media":1434,"template":"","meta":[],"yoast_head":"<!-- This site is optimized with the Yoast SEO plugin v14.8.1 - https:\/\/yoast.com\/wordpress\/plugins\/seo\/ -->\n<title>Channelume &bull; LED Centar<\/title>\n<meta name=\"description\" content=\"Channelume\" \/>\n<meta name=\"robots\" content=\"index, follow\" \/>\n<meta name=\"googlebot\" content=\"index, follow, max-snippet:-1, max-image-preview:large, max-video-preview:-1\" \/>\n<meta name=\"bingbot\" content=\"index, follow, max-snippet:-1, max-image-preview:large, max-video-preview:-1\" \/>\n<link rel=\"canonical\" href=\"https:\/\/ledcentar.hr\/novisajt\/shop\/channelume-cs\/channelume-4\/\" \/>\n<meta property=\"og:locale\" content=\"hr_HR\" \/>\n<meta property=\"og:type\" content=\"article\" \/>\n<meta property=\"og:title\" content=\"Channelume &bull; LED Centar\" \/>\n<meta property=\"og:description\" content=\"Channelume\" \/>\n<meta property=\"og:url\" content=\"https:\/\/ledcentar.hr\/novisajt\/cs\/shop\/channelume-cs\/channelume-4\/\" \/>\n<meta property=\"og:site_name\" content=\"LED Centar\" \/>\n<meta property=\"article:modified_time\" content=\"2018-05-24T14:43:11+00:00\" \/>\n<meta property=\"og:image\" content=\"https:\/\/ledcentar.hr\/novisajt\/wp-content\/uploads\/2015\/12\/channelume.jpg\" \/>\n\t<meta property=\"og:image:width\" content=\"560\" \/>\n\t<meta property=\"og:image:height\" content=\"334\" \/>\n<script type=\"application\/ld+json\" class=\"yoast-schema-graph\">{\"@context\":\"https:\/\/schema.org\",\"@graph\":[{\"@type\":\"WebSite\",\"@id\":\"https:\/\/ledcentar.hr\/novisajt\/#website\",\"url\":\"https:\/\/ledcentar.hr\/novisajt\/\",\"name\":\"LED Centar\",\"description\":\"LED rasvjeta za reklamnu industriju\",\"potentialAction\":[{\"@type\":\"SearchAction\",\"target\":\"https:\/\/ledcentar.hr\/novisajt\/?s={search_term_string}\",\"query-input\":\"required name=search_term_string\"}],\"inLanguage\":\"hr\"},{\"@type\":\"ImageObject\",\"@id\":\"https:\/\/ledcentar.hr\/novisajt\/cs\/shop\/channelume-cs\/channelume-4\/#primaryimage\",\"inLanguage\":\"hr\",\"url\":\"https:\/\/ledcentar.hr\/novisajt\/wp-content\/uploads\/2015\/12\/channelume.jpg\",\"width\":560,\"height\":334},{\"@type\":\"WebPage\",\"@id\":\"https:\/\/ledcentar.hr\/novisajt\/cs\/shop\/channelume-cs\/channelume-4\/#webpage\",\"url\":\"https:\/\/ledcentar.hr\/novisajt\/cs\/shop\/channelume-cs\/channelume-4\/\",\"name\":\"Channelume &bull; LED Centar\",\"isPartOf\":{\"@id\":\"https:\/\/ledcentar.hr\/novisajt\/#website\"},\"primaryImageOfPage\":{\"@id\":\"https:\/\/ledcentar.hr\/novisajt\/cs\/shop\/channelume-cs\/channelume-4\/#primaryimage\"},\"datePublished\":\"2015-12-16T11:45:34+00:00\",\"dateModified\":\"2018-05-24T14:43:11+00:00\",\"description\":\"Channelume\",\"inLanguage\":\"hr\",\"potentialAction\":[{\"@type\":\"ReadAction\",\"target\":[\"https:\/\/ledcentar.hr\/novisajt\/cs\/shop\/channelume-cs\/channelume-4\/\"]}]}]}<\/script>\n<!-- \/ Yoast SEO plugin. -->","_links":{"self":[{"href":"https:\/\/ledcentar.hr\/novisajt\/wp-json\/wp\/v2\/product\/1444"}],"collection":[{"href":"https:\/\/ledcentar.hr\/novisajt\/wp-json\/wp\/v2\/product"}],"about":[{"href":"https:\/\/ledcentar.hr\/novisajt\/wp-json\/wp\/v2\/types\/product"}],"wp:featuredmedia":[{"embeddable":true,"href":"https:\/\/ledcentar.hr\/novisajt\/wp-json\/wp\/v2\/media\/1434"}],"wp:attachment":[{"href":"https:\/\/ledcentar.hr\/novisajt\/wp-json\/wp\/v2\/media?parent=1444"}],"curies":[{"name":"wp","href":"https:\/\/api.w.org\/{rel}","templated":true}]}}