{"id":1439,"date":"2015-12-16T11:43:44","date_gmt":"2015-12-16T11:43:44","guid":{"rendered":"http:\/\/ledcentar.hr\/novisajt\/shop\/uncategorized\/hlinikove-kompozitni-panely\/"},"modified":"2016-10-19T10:03:38","modified_gmt":"2016-10-19T10:03:38","slug":"hlinikove-kompozitni-panely","status":"publish","type":"product","link":"https:\/\/ledcentar.hr\/novisajt\/cs\/shop\/Bez kategorije\/hlinikove-kompozitni-panely\/","title":{"rendered":"Hlin\u00edkov\u00e9 kompozitn\u00ed panely"},"content":{"rendered":"<table width=\"199\">\n<tbody>\n<tr>\n<td width=\"65\">TLOU\u0160\u0164KA<\/td>\n<td width=\"62\">BARVA<\/td>\n<td width=\"72\">ROZM\u011aRY<\/td>\n<\/tr>\n<tr>\n<td>0,21\/2mm<\/td>\n<td>b\u00edl\u00e1 \/ st\u0159\u00edbrn\u00e1<\/td>\n<td>1500\u00d73000 mm<\/td>\n<\/tr>\n<tr>\n<td>0,21\/3mm<\/td>\n<td>b\u00edl\u00e1 \/ st\u0159\u00edbrn\u00e1<\/td>\n<td>1500&#215;3000 mm<\/td>\n<\/tr>\n<tr>\n<td>0,21\/4mm<\/td>\n<td>b\u00edl\u00e1 \/ st\u0159\u00edbrn\u00e1<\/td>\n<td>1500&#215;3000 mm<\/td>\n<\/tr>\n<tr>\n<td>0,21\/3mm<\/td>\n<td>b\u00edl\u00e1 \/ \u010dern\u00e1<\/td>\n<td>1500&#215;3000 mm<\/td>\n<\/tr>\n<tr>\n<td>0,15\/2mm<\/td>\n<td>b\u00edl\u00e1 \/ syrov\u00fd<\/td>\n<td>1220&#215;3050 mm<\/td>\n<\/tr>\n<tr>\n<td>0,18\/2mm<\/td>\n<td>b\u00edl\u00e1 \/ syrov\u00fd<\/td>\n<td>1500&#215;3050 mm<\/td>\n<\/tr>\n<tr>\n<td>0,18\/2mm<\/td>\n<td>b\u00edl\u00e1 \/ st\u0159\u00edbrn\u00e1<\/td>\n<td>1500&#215;3050 mm<\/td>\n<\/tr>\n<tr>\n<td>0,15\/3mm<\/td>\n<td>b\u00edl\u00e1 \/ syrov\u00fd<\/td>\n<td>1220&#215;3050 mm<\/td>\n<\/tr>\n<tr>\n<td>0,15\/3mm<\/td>\n<td>b\u00edl\u00e1 \/ syrov\u00fd<\/td>\n<td>1220&#215;4050 mm<\/td>\n<\/tr>\n<tr>\n<td>0,21\/3mm<\/td>\n<td>b\u00edl\u00e1 \/ st\u0159\u00edbrn\u00e1<\/td>\n<td>1500&#215;3000 mm<\/td>\n<\/tr>\n<tr>\n<td>0,21\/3mm<\/td>\n<td>b\u00edl\u00e1 \/ \u010dern\u00e1<\/td>\n<td>1500&#215;3000 mm<\/td>\n<\/tr>\n<tr>\n<td>0,18\/3mm<\/td>\n<td>b\u00edl\u00e1 \/ st\u0159\u00edbrn\u00e1<\/td>\n<td>1500&#215;3050 mm<\/td>\n<\/tr>\n<tr>\n<td>0,18\/3mm<\/td>\n<td>b\u00edl\u00e1 \/ syrov\u00fd<\/td>\n<td>1500&#215;4050 mm<\/td>\n<\/tr>\n<tr>\n<td>0,21\/3mm<\/td>\n<td>b\u00edl\u00e1 \/ st\u0159\u00edbrn\u00e1<\/td>\n<td>1500&#215;4000 mm<\/td>\n<\/tr>\n<tr>\n<td>0,18\/4mm<\/td>\n<td>b\u00edl\u00e1 \/ st\u0159\u00edbrn\u00e1<\/td>\n<td>1500&#215;3050 mm<\/td>\n<\/tr>\n<\/tbody>\n<\/table>\n","protected":false},"excerpt":{"rendered":"<p>TLOU\u0160\u0164KA BARVA ROZM\u011aRY 0,21\/2mm b\u00edl\u00e1 \/ st\u0159\u00edbrn\u00e1 1500\u00d73000 mm 0,21\/3mm b\u00edl\u00e1 \/ st\u0159\u00edbrn\u00e1 1500&#215;3000 mm 0,21\/4mm b\u00edl\u00e1 \/ st\u0159\u00edbrn\u00e1 1500&#215;3000<\/p>\n","protected":false},"featured_media":1421,"template":"","meta":[],"yoast_head":"<!-- This site is optimized with the Yoast SEO plugin v14.8.1 - https:\/\/yoast.com\/wordpress\/plugins\/seo\/ -->\n<title>Hlin\u00edkov\u00e9 kompozitn\u00ed panely &bull; LED Centar<\/title>\n<meta name=\"description\" content=\"Hlin\u00edkov\u00e9 kompozitn\u00ed panely\" \/>\n<meta name=\"robots\" content=\"index, follow\" \/>\n<meta name=\"googlebot\" content=\"index, follow, max-snippet:-1, max-image-preview:large, max-video-preview:-1\" \/>\n<meta name=\"bingbot\" content=\"index, follow, max-snippet:-1, max-image-preview:large, max-video-preview:-1\" \/>\n<link rel=\"canonical\" href=\"https:\/\/ledcentar.hr\/novisajt\/shop\/nezarazene\/hlinikove-kompozitni-panely\/\" \/>\n<meta property=\"og:locale\" content=\"hr_HR\" \/>\n<meta property=\"og:type\" content=\"article\" \/>\n<meta property=\"og:title\" content=\"Hlin\u00edkov\u00e9 kompozitn\u00ed panely &bull; LED Centar\" \/>\n<meta property=\"og:description\" content=\"Hlin\u00edkov\u00e9 kompozitn\u00ed panely\" \/>\n<meta property=\"og:url\" content=\"https:\/\/ledcentar.hr\/novisajt\/cs\/shop\/nezarazene\/hlinikove-kompozitni-panely\/\" \/>\n<meta property=\"og:site_name\" content=\"LED Centar\" \/>\n<meta property=\"article:modified_time\" content=\"2016-10-19T10:03:38+00:00\" \/>\n<meta property=\"og:image\" content=\"https:\/\/ledcentar.hr\/novisajt\/wp-content\/uploads\/2015\/12\/Aluminijski-kompozitni-paneli.jpg\" \/>\n\t<meta property=\"og:image:width\" content=\"1200\" \/>\n\t<meta property=\"og:image:height\" content=\"900\" \/>\n<script type=\"application\/ld+json\" class=\"yoast-schema-graph\">{\"@context\":\"https:\/\/schema.org\",\"@graph\":[{\"@type\":\"WebSite\",\"@id\":\"https:\/\/ledcentar.hr\/novisajt\/#website\",\"url\":\"https:\/\/ledcentar.hr\/novisajt\/\",\"name\":\"LED Centar\",\"description\":\"LED rasvjeta za reklamnu industriju\",\"potentialAction\":[{\"@type\":\"SearchAction\",\"target\":\"https:\/\/ledcentar.hr\/novisajt\/?s={search_term_string}\",\"query-input\":\"required name=search_term_string\"}],\"inLanguage\":\"hr\"},{\"@type\":\"ImageObject\",\"@id\":\"https:\/\/ledcentar.hr\/novisajt\/cs\/shop\/nezarazene\/hlinikove-kompozitni-panely\/#primaryimage\",\"inLanguage\":\"hr\",\"url\":\"https:\/\/ledcentar.hr\/novisajt\/wp-content\/uploads\/2015\/12\/Aluminijski-kompozitni-paneli.jpg\",\"width\":1200,\"height\":900},{\"@type\":\"WebPage\",\"@id\":\"https:\/\/ledcentar.hr\/novisajt\/cs\/shop\/nezarazene\/hlinikove-kompozitni-panely\/#webpage\",\"url\":\"https:\/\/ledcentar.hr\/novisajt\/cs\/shop\/nezarazene\/hlinikove-kompozitni-panely\/\",\"name\":\"Hlin\\u00edkov\\u00e9 kompozitn\\u00ed panely &bull; LED Centar\",\"isPartOf\":{\"@id\":\"https:\/\/ledcentar.hr\/novisajt\/#website\"},\"primaryImageOfPage\":{\"@id\":\"https:\/\/ledcentar.hr\/novisajt\/cs\/shop\/nezarazene\/hlinikove-kompozitni-panely\/#primaryimage\"},\"datePublished\":\"2015-12-16T11:43:44+00:00\",\"dateModified\":\"2016-10-19T10:03:38+00:00\",\"description\":\"Hlin\\u00edkov\\u00e9 kompozitn\\u00ed panely\",\"inLanguage\":\"hr\",\"potentialAction\":[{\"@type\":\"ReadAction\",\"target\":[\"https:\/\/ledcentar.hr\/novisajt\/cs\/shop\/nezarazene\/hlinikove-kompozitni-panely\/\"]}]}]}<\/script>\n<!-- \/ Yoast SEO plugin. -->","_links":{"self":[{"href":"https:\/\/ledcentar.hr\/novisajt\/wp-json\/wp\/v2\/product\/1439"}],"collection":[{"href":"https:\/\/ledcentar.hr\/novisajt\/wp-json\/wp\/v2\/product"}],"about":[{"href":"https:\/\/ledcentar.hr\/novisajt\/wp-json\/wp\/v2\/types\/product"}],"wp:featuredmedia":[{"embeddable":true,"href":"https:\/\/ledcentar.hr\/novisajt\/wp-json\/wp\/v2\/media\/1421"}],"wp:attachment":[{"href":"https:\/\/ledcentar.hr\/novisajt\/wp-json\/wp\/v2\/media?parent=1439"}],"curies":[{"name":"wp","href":"https:\/\/api.w.org\/{rel}","templated":true}]}}