{"id":1128,"date":"2015-03-05T08:46:31","date_gmt":"2015-03-05T08:46:31","guid":{"rendered":"http:\/\/ledcentar.hr\/novisajt\/shop\/uncategorized\/usmernovac-60w-jinbo-jlv12060k\/"},"modified":"2015-03-05T08:46:31","modified_gmt":"2015-03-05T08:46:31","slug":"usmernovac-60w-jinbo-jlv12060k","status":"publish","type":"product","link":"https:\/\/ledcentar.hr\/novisajt\/cs\/shop\/led-ispravljaci-indoor-nevodootporni\/usmernovac-60w-jinbo-jlv12060k\/","title":{"rendered":"Usm\u011br\u0148ova\u010d  60W \u2013 JINBO JLV12060K"},"content":{"rendered":"","protected":false},"excerpt":{"rendered":"<p>Mo\u017enost pracovat p\u0159i 100% zat\u00ed\u017een\u00ed<br \/>\nOchrana proti zkratu \/ p\u0159et\u00ed\u017een\u00ed<br \/>\nS\u00e9rie 5V\/24V je dostupn\u00e1 ve stejn\u00e9 velikosti<br \/>\nP\u0159edb\u011b\u017en\u00fd test p\u0159i 100% z\u00e1t\u011b\u017ei<br \/>\nKvalitn\u00ed konstrukce ventilace<br \/>\n\u0160irok\u00fd rozsah vstupn\u00edho nap\u011bt\u00ed<br \/>\nP\u0159ep\u00edna\u010d pro p\u0159ep\u00edn\u00e1n\u00ed od 120 V do 230 V<\/p>\n","protected":false},"featured_media":495,"template":"","meta":[],"yoast_head":"<!-- This site is optimized with the Yoast SEO plugin v14.8.1 - https:\/\/yoast.com\/wordpress\/plugins\/seo\/ -->\n<title>Usm\u011br\u0148ova\u010d 60W \u2013 JINBO JLV12060K &bull; LED Centar<\/title>\n<meta name=\"description\" content=\"Usm\u011br\u0148ova\u010d 60W \u2013 JINBO JLV12060K, ne vodot\u011bsn\u00e9\" \/>\n<meta name=\"robots\" content=\"index, follow\" \/>\n<meta name=\"googlebot\" content=\"index, follow, max-snippet:-1, max-image-preview:large, max-video-preview:-1\" \/>\n<meta name=\"bingbot\" content=\"index, follow, max-snippet:-1, max-image-preview:large, max-video-preview:-1\" \/>\n<link rel=\"canonical\" href=\"https:\/\/ledcentar.hr\/novisajt\/shop\/led-venkovni-usmernovace-ne-vodotesny\/usmernovac-60w-jinbo-jlv12060k\/\" \/>\n<meta property=\"og:locale\" content=\"hr_HR\" \/>\n<meta property=\"og:type\" content=\"article\" \/>\n<meta property=\"og:title\" content=\"Usm\u011br\u0148ova\u010d 60W \u2013 JINBO JLV12060K &bull; LED Centar\" \/>\n<meta property=\"og:description\" content=\"Usm\u011br\u0148ova\u010d 60W \u2013 JINBO JLV12060K, ne vodot\u011bsn\u00e9\" \/>\n<meta property=\"og:url\" content=\"https:\/\/ledcentar.hr\/novisajt\/cs\/shop\/led-venkovni-usmernovace-ne-vodotesny\/usmernovac-60w-jinbo-jlv12060k\/\" \/>\n<meta property=\"og:site_name\" content=\"LED Centar\" \/>\n<meta property=\"og:image\" content=\"https:\/\/ledcentar.hr\/novisajt\/wp-content\/uploads\/2015\/03\/JLV12060K.jpg\" \/>\n\t<meta property=\"og:image:width\" content=\"400\" \/>\n\t<meta property=\"og:image:height\" content=\"267\" \/>\n<script type=\"application\/ld+json\" class=\"yoast-schema-graph\">{\"@context\":\"https:\/\/schema.org\",\"@graph\":[{\"@type\":\"WebSite\",\"@id\":\"https:\/\/ledcentar.hr\/novisajt\/#website\",\"url\":\"https:\/\/ledcentar.hr\/novisajt\/\",\"name\":\"LED Centar\",\"description\":\"LED rasvjeta za reklamnu industriju\",\"potentialAction\":[{\"@type\":\"SearchAction\",\"target\":\"https:\/\/ledcentar.hr\/novisajt\/?s={search_term_string}\",\"query-input\":\"required name=search_term_string\"}],\"inLanguage\":\"hr\"},{\"@type\":\"ImageObject\",\"@id\":\"https:\/\/ledcentar.hr\/novisajt\/cs\/shop\/led-venkovni-usmernovace-ne-vodotesny\/usmernovac-60w-jinbo-jlv12060k\/#primaryimage\",\"inLanguage\":\"hr\",\"url\":\"https:\/\/ledcentar.hr\/novisajt\/wp-content\/uploads\/2015\/03\/JLV12060K.jpg\",\"width\":400,\"height\":267},{\"@type\":\"WebPage\",\"@id\":\"https:\/\/ledcentar.hr\/novisajt\/cs\/shop\/led-venkovni-usmernovace-ne-vodotesny\/usmernovac-60w-jinbo-jlv12060k\/#webpage\",\"url\":\"https:\/\/ledcentar.hr\/novisajt\/cs\/shop\/led-venkovni-usmernovace-ne-vodotesny\/usmernovac-60w-jinbo-jlv12060k\/\",\"name\":\"Usm\\u011br\\u0148ova\\u010d 60W \\u2013 JINBO JLV12060K &bull; LED Centar\",\"isPartOf\":{\"@id\":\"https:\/\/ledcentar.hr\/novisajt\/#website\"},\"primaryImageOfPage\":{\"@id\":\"https:\/\/ledcentar.hr\/novisajt\/cs\/shop\/led-venkovni-usmernovace-ne-vodotesny\/usmernovac-60w-jinbo-jlv12060k\/#primaryimage\"},\"datePublished\":\"2015-03-05T08:46:31+00:00\",\"dateModified\":\"2015-03-05T08:46:31+00:00\",\"description\":\"Usm\\u011br\\u0148ova\\u010d 60W \\u2013 JINBO JLV12060K, ne vodot\\u011bsn\\u00e9\",\"inLanguage\":\"hr\",\"potentialAction\":[{\"@type\":\"ReadAction\",\"target\":[\"https:\/\/ledcentar.hr\/novisajt\/cs\/shop\/led-venkovni-usmernovace-ne-vodotesny\/usmernovac-60w-jinbo-jlv12060k\/\"]}]}]}<\/script>\n<!-- \/ Yoast SEO plugin. -->","_links":{"self":[{"href":"https:\/\/ledcentar.hr\/novisajt\/wp-json\/wp\/v2\/product\/1128"}],"collection":[{"href":"https:\/\/ledcentar.hr\/novisajt\/wp-json\/wp\/v2\/product"}],"about":[{"href":"https:\/\/ledcentar.hr\/novisajt\/wp-json\/wp\/v2\/types\/product"}],"wp:featuredmedia":[{"embeddable":true,"href":"https:\/\/ledcentar.hr\/novisajt\/wp-json\/wp\/v2\/media\/495"}],"wp:attachment":[{"href":"https:\/\/ledcentar.hr\/novisajt\/wp-json\/wp\/v2\/media?parent=1128"}],"curies":[{"name":"wp","href":"https:\/\/api.w.org\/{rel}","templated":true}]}}