{"id":39,"date":"2015-02-12T16:26:39","date_gmt":"2015-02-12T16:26:39","guid":{"rendered":"http:\/\/ledcentar.hr\/novisajt\/?page_id=39"},"modified":"2019-10-01T14:17:07","modified_gmt":"2019-10-01T12:17:07","slug":"ledcentar","status":"publish","type":"page","link":"https:\/\/ledcentar.hr\/novisajt\/ledcentar\/","title":{"rendered":"LED centar"},"content":{"rendered":"<p>[vc_row][vc_column][vc_column_text text_larger=&#8221;no&#8221;]<\/p>\n<h2>O nama<\/h2>\n<p>Tvrtka LED centar d.o.o. osnovana je po\u010detkom lipnja 2011. godine sa odmah postavljenim jasnim ciljem \u2013 postati vode\u0107a tvrtka u prodaji LED rasvjete za reklamnu industriju.\u00a0 Prate\u0107i najnovije tehnologije te stalnim usavr\u0161avanjem svojih djelatnika, tvrtka se u vrlo kratkom vremenu nametnula kao nezaobilazan partner gotovo svim proizvo\u0111a\u010dima reklama, samostoje\u0107ih slova, totema\u2026 kako u Hrvatskoj tako i u susjednim zemljama.\u00a0 Danas\u00a0 ponosno mo\u017eemo re\u0107i da uz Hrvatsku, LED centar uspje\u0161no posluje sa tvrtkama iz Slovenije, Italije, Ma\u0111arske, \u010ce\u0161ke,\u00a0 Bosne i Hercegovine i Srbije.<\/p>\n<p>Uz veliki asortiman LED rasvjete za reklamnu industriju, djelatnici LED centra Vas tako\u0111er mogu i kvalitetno savjetovati vezano uz odabir rasvjete prema specifikacijama odre\u0111ene reklame.\u00a0 Bilo da su reklame, totemi ili samostoje\u0107a slova mala ili velika, duboka ili plitka, \u0161iroka ili uska, uz \u0161iroki asortiman raznovrsnih LED modula i traka, uvijek dostupnih na skladi\u0161tu, u mogu\u0107nosti smo ponuditi najkvalitetnije rje\u0161enje uz najbolju mogu\u0107u cijenu.<\/p>\n<p>Sa vlastitim prostorom otvorenim po\u010detkom 2015. godine,\u00a0 LED centar se po\u010deo \u0161iriti i na druge materijale vezane za reklamnu industriju &#8211; aluminijske profile, rubne trake za 3D slova, F i L trake, aluminijski profili sa difuzorima.[\/vc_column_text][\/vc_column][\/vc_row][vc_row][vc_column][vc_row_inner][vc_column_inner width=&#8221;1\/2&#8243;][vc_single_image image=&#8221;192&#8243; img_size=&#8221;full&#8221; parallax_scroll=&#8221;no&#8221;][\/vc_column_inner][vc_column_inner width=&#8221;1\/2&#8243;][vc_single_image image=&#8221;193&#8243; img_size=&#8221;full&#8221; parallax_scroll=&#8221;no&#8221;][\/vc_column_inner][\/vc_row_inner][vc_column_text text_larger=&#8221;no&#8221;]<\/p>\n<h2>Poslovni prostor<\/h2>\n<p>Od 23.02.2015. godine LED Centar posluje u novom vlastitom objektu na adresi Rujanska 11, Kerestinec.<\/p>\n<p>Objekt je ukupne povr\u0161ine 480m2, podijeljen na 2 kata. U prizemlju se nalaze Aluminijski profili i rubne trake, dok je na katu smje\u0161ten kompletan LED program za reklamnu industriju te Show room.[\/vc_column_text][\/vc_column][\/vc_row]<\/p>\n","protected":false},"excerpt":{"rendered":"<p>[vc_row][vc_column][vc_column_text text_larger=&#8221;no&#8221;] O nama Tvrtka LED centar d.o.o. osnovana je po\u010detkom lipnja 2011. godine sa odmah postavljenim jasnim ciljem \u2013<\/p>\n","protected":false},"author":1,"featured_media":0,"parent":0,"menu_order":0,"comment_status":"open","ping_status":"open","template":"","meta":[],"yoast_head":"<!-- This site is optimized with the Yoast SEO plugin v14.8.1 - https:\/\/yoast.com\/wordpress\/plugins\/seo\/ -->\n<title>LED centar &bull; LED Centar<\/title>\n<meta name=\"description\" content=\"Tvrtka LED centar d.o.o. osnovana je po\u010detkom lipnja 2011. godine sa odmah postavljenim jasnim ciljem \u2013 postati vode\u0107a tvrtka u prodaji LED rasvjete za reklamnu industriju. Prate\u0107i najnovije tehnologije te stalnim usavr\u0161avanjem svojih djelatnika, tvrtka se u vrlo kratkom vremenu nametnula kao nezaobilazan partner gotovo svim proizvo\u0111a\u010dima reklama, samostoje\u0107ih slova, totema\u2026 kako u Hrvatskoj tako i u susjednim zemljama.\" \/>\n<meta name=\"robots\" content=\"index, follow\" \/>\n<meta name=\"googlebot\" content=\"index, follow, max-snippet:-1, max-image-preview:large, max-video-preview:-1\" \/>\n<meta name=\"bingbot\" content=\"index, follow, max-snippet:-1, max-image-preview:large, max-video-preview:-1\" \/>\n<link rel=\"canonical\" href=\"https:\/\/ledcentar.hr\/novisajt\/ledcentar\/\" \/>\n<meta property=\"og:locale\" content=\"hr_HR\" \/>\n<meta property=\"og:type\" content=\"article\" \/>\n<meta property=\"og:title\" content=\"LED centar\" \/>\n<meta property=\"og:description\" content=\"Tvrtka LED centar d.o.o. osnovana je po\u010detkom lipnja 2011. godine sa odmah postavljenim jasnim ciljem \u2013 postati vode\u0107a tvrtka u prodaji LED rasvjete za reklamnu industriju. Prate\u0107i najnovije tehnologije te stalnim usavr\u0161avanjem svojih djelatnika, tvrtka se u vrlo kratkom vremenu nametnula kao nezaobilazan partner gotovo svim proizvo\u0111a\u010dima reklama, samostoje\u0107ih slova, totema\u2026 kako u Hrvatskoj tako i u susjednim zemljama.\" \/>\n<meta property=\"og:url\" content=\"https:\/\/ledcentar.hr\/novisajt\/ledcentar\/\" \/>\n<meta property=\"og:site_name\" content=\"LED Centar\" \/>\n<meta property=\"article:modified_time\" content=\"2019-10-01T12:17:07+00:00\" \/>\n<meta property=\"og:image\" content=\"https:\/\/ledcentar.hr\/novisajt\/wp-content\/uploads\/2015\/02\/screenshot.png\" \/>\n\t<meta property=\"og:image:width\" content=\"1319\" \/>\n\t<meta property=\"og:image:height\" content=\"721\" \/>\n<script type=\"application\/ld+json\" class=\"yoast-schema-graph\">{\"@context\":\"https:\/\/schema.org\",\"@graph\":[{\"@type\":\"WebSite\",\"@id\":\"https:\/\/ledcentar.hr\/novisajt\/#website\",\"url\":\"https:\/\/ledcentar.hr\/novisajt\/\",\"name\":\"LED Centar\",\"description\":\"LED rasvjeta za reklamnu industriju\",\"potentialAction\":[{\"@type\":\"SearchAction\",\"target\":\"https:\/\/ledcentar.hr\/novisajt\/?s={search_term_string}\",\"query-input\":\"required name=search_term_string\"}],\"inLanguage\":\"hr\"},{\"@type\":\"WebPage\",\"@id\":\"https:\/\/ledcentar.hr\/novisajt\/ledcentar\/#webpage\",\"url\":\"https:\/\/ledcentar.hr\/novisajt\/ledcentar\/\",\"name\":\"LED centar &bull; LED Centar\",\"isPartOf\":{\"@id\":\"https:\/\/ledcentar.hr\/novisajt\/#website\"},\"datePublished\":\"2015-02-12T16:26:39+00:00\",\"dateModified\":\"2019-10-01T12:17:07+00:00\",\"description\":\"Tvrtka LED centar d.o.o. osnovana je po\\u010detkom lipnja 2011. godine sa odmah postavljenim jasnim ciljem \\u2013 postati vode\\u0107a tvrtka u prodaji LED rasvjete za reklamnu industriju. Prate\\u0107i najnovije tehnologije te stalnim usavr\\u0161avanjem svojih djelatnika, tvrtka se u vrlo kratkom vremenu nametnula kao nezaobilazan partner gotovo svim proizvo\\u0111a\\u010dima reklama, samostoje\\u0107ih slova, totema\\u2026 kako u Hrvatskoj tako i u susjednim zemljama.\",\"inLanguage\":\"hr\",\"potentialAction\":[{\"@type\":\"ReadAction\",\"target\":[\"https:\/\/ledcentar.hr\/novisajt\/ledcentar\/\"]}]}]}<\/script>\n<!-- \/ Yoast SEO plugin. -->","_links":{"self":[{"href":"https:\/\/ledcentar.hr\/novisajt\/wp-json\/wp\/v2\/pages\/39"}],"collection":[{"href":"https:\/\/ledcentar.hr\/novisajt\/wp-json\/wp\/v2\/pages"}],"about":[{"href":"https:\/\/ledcentar.hr\/novisajt\/wp-json\/wp\/v2\/types\/page"}],"author":[{"embeddable":true,"href":"https:\/\/ledcentar.hr\/novisajt\/wp-json\/wp\/v2\/users\/1"}],"replies":[{"embeddable":true,"href":"https:\/\/ledcentar.hr\/novisajt\/wp-json\/wp\/v2\/comments?post=39"}],"version-history":[{"count":8,"href":"https:\/\/ledcentar.hr\/novisajt\/wp-json\/wp\/v2\/pages\/39\/revisions"}],"predecessor-version":[{"id":6616,"href":"https:\/\/ledcentar.hr\/novisajt\/wp-json\/wp\/v2\/pages\/39\/revisions\/6616"}],"wp:attachment":[{"href":"https:\/\/ledcentar.hr\/novisajt\/wp-json\/wp\/v2\/media?parent=39"}],"curies":[{"name":"wp","href":"https:\/\/api.w.org\/{rel}","templated":true}]}}